{"id":1180,"date":"2019-07-22T11:30:49","date_gmt":"2019-07-22T14:30:49","guid":{"rendered":"https:\/\/rioday.com.br\/site\/?page_id=1180"},"modified":"2019-07-22T11:31:09","modified_gmt":"2019-07-22T14:31:09","slug":"politicas-de-entrega","status":"publish","type":"page","link":"https:\/\/rioday.com.br\/site\/politicas-de-entrega\/","title":{"rendered":"Pol\u00edticas de Entrega"},"content":{"rendered":"<p>1 &#8211; O Prazo de Entrega de cada pedido \u00e9 contado sempre \u00e0 partir da aprova\u00e7\u00e3o do pagamento pela institui\u00e7\u00e3o financeira e n\u00e3o \u00e0 partir da efetua\u00e7\u00e3o do pedido.<\/p>\n<p>2 &#8211; O Prazo de manuseio dos produtos dentro no Centro de Distribui\u00e7\u00e3o da Rioday \u00e9 de 3 (tr\u00eas) dias \u00fateis, o prazo de manuseio compreende: faturamento, separa\u00e7\u00e3o, confer\u00eancia, embalagem e expedi\u00e7\u00e3o do pedido.<\/p>\n<p>3 &#8211; A Rioday utiliza diversos servi\u00e7os log\u00edsticos para a entrega de seus produtos, cujo tempo de transporte pode variar de acordo com a regi\u00e3o do destinat\u00e1rio.<\/p>\n<p>4 &#8211; \u00c9 necess\u00e1rio haver algu\u00e9m apto para receber a encomenda na data prevista, maior de 18 anos e portando documento de identifica\u00e7\u00e3o para a assinatura do protocolo, entre \u00e0s 8h e 18h.<\/p>\n<p>5 &#8211; No caso de entrega pelos correios, caso a entrega n\u00e3o seja efetivada, haver\u00e1 02 (duas) tentativas posteriores, contudo se mesmo assim todas as tentativas de entrega restarem infrut\u00edferas, o produto voltar\u00e1 ao Centro de Distribui\u00e7\u00e3o da Rioday.<\/p>\n<p>6 &#8211; No caso entrega por transportadora, caso a entrega n\u00e3o seja efetivada por aus\u00eancia do cliente no endere\u00e7o informado no pedido, ser\u00e1 cobrada taxa de 50% do valor do frete para reentrega do pedido.<\/p>\n<p>7 &#8211; O Valor do Frete \u00e9 composto por armazenagem, embalagem, movimenta\u00e7\u00e3o e custos de transportadora. O Frete \u00e9 calculado levando em considera\u00e7\u00e3o: dist\u00e2ncia da localidade, peso, peso c\u00fabico e volume dos produtos.<\/p>\n<p>8 &#8211; Ap\u00f3s a finaliza\u00e7\u00e3o do pedido n\u00e3o \u00e9 poss\u00edvel alterar a forma de entrega, solicitar adiantamento ou prioridade.<\/p>\n<p>\u2022 Todos os prazos de entrega levam em considera\u00e7\u00e3o o estoque, a regi\u00e3o, e o prazo de manuseio.<br \/>\n\u2022 A cada atualiza\u00e7\u00e3o no status do pedido nosso sistema envia, automaticamente, e-mails de alerta. Por isso, \u00e9 importante manter seu e-mail atualizado no cadastro.<\/p>\n<p>9 &#8211; Todos nossos produtos s\u00e3o comercializados desmontados, os entregadores n\u00e3o est\u00e3o autorizados a instalar, montar, desmontar, mover, ligar, testar ou realizar qualquer tarefa que implique em manuseio dos produtos entregues, sob qualquer hip\u00f3tese.<\/p>\n<p>10 &#8211; Caso seja constatado que o(s) produto(s) est\u00e1(\u00e3o) em desacordo com o contratado, o Cliente dever\u00e1 recusar o recebimento do pedido, registrar o motivo e comunicar a CAC &#8211; Central de Atendimento ao Cliente atrav\u00e9s do endere\u00e7o eletr\u00f4nico atendimento@rioday.com.br ou pelo telefone (21) 2270-3536 informando o ocorrido.<\/p>\n<p>&nbsp;<\/p>\n","protected":false},"excerpt":{"rendered":"<p>1 &#8211; O Prazo de Entrega de cada pedido \u00e9 contado sempre \u00e0 partir da aprova\u00e7\u00e3o do pagamento pela institui\u00e7\u00e3o financeira e n\u00e3o \u00e0 partir da efetua\u00e7\u00e3o do pedido. 2 &#8211; O Prazo de manuseio dos produtos dentro no Centro de Distribui\u00e7\u00e3o da Rioday \u00e9 de 3 (tr\u00eas) dias \u00fateis, o prazo de manuseio compreende: [&hellip;]<\/p>\n","protected":false},"author":1,"featured_media":0,"parent":0,"menu_order":0,"comment_status":"closed","ping_status":"closed","template":"","meta":{"_et_pb_use_builder":"","_et_pb_old_content":"","_et_gb_content_width":"","footnotes":""},"aioseo_notices":[],"_links":{"self":[{"href":"https:\/\/rioday.com.br\/site\/wp-json\/wp\/v2\/pages\/1180"}],"collection":[{"href":"https:\/\/rioday.com.br\/site\/wp-json\/wp\/v2\/pages"}],"about":[{"href":"https:\/\/rioday.com.br\/site\/wp-json\/wp\/v2\/types\/page"}],"author":[{"embeddable":true,"href":"https:\/\/rioday.com.br\/site\/wp-json\/wp\/v2\/users\/1"}],"replies":[{"embeddable":true,"href":"https:\/\/rioday.com.br\/site\/wp-json\/wp\/v2\/comments?post=1180"}],"version-history":[{"count":2,"href":"https:\/\/rioday.com.br\/site\/wp-json\/wp\/v2\/pages\/1180\/revisions"}],"predecessor-version":[{"id":1182,"href":"https:\/\/rioday.com.br\/site\/wp-json\/wp\/v2\/pages\/1180\/revisions\/1182"}],"wp:attachment":[{"href":"https:\/\/rioday.com.br\/site\/wp-json\/wp\/v2\/media?parent=1180"}],"curies":[{"name":"wp","href":"https:\/\/api.w.org\/{rel}","templated":true}]}}