{"id":2146,"date":"2022-07-05T13:51:37","date_gmt":"2022-07-05T16:51:37","guid":{"rendered":"https:\/\/rioday.com.br\/site\/?page_id=2146"},"modified":"2022-11-01T10:40:57","modified_gmt":"2022-11-01T13:40:57","slug":"vulcan-equipamentos-para-restaurantes-e-cozinhas","status":"publish","type":"page","link":"https:\/\/rioday.com.br\/site\/vulcan-equipamentos-para-restaurantes-e-cozinhas\/","title":{"rendered":"Vulcan Equipamentos para Restaurantes e Cozinhas"},"content":{"rendered":"<p>[et_pb_section fb_built=&#8221;1&#8243; _builder_version=&#8221;4.17.4&#8243; _module_preset=&#8221;default&#8221; custom_padding=&#8221;1px||0px|||&#8221; global_colors_info=&#8221;{}&#8221;][et_pb_row use_custom_gutter=&#8221;on&#8221; gutter_width=&#8221;1&#8243; _builder_version=&#8221;4.17.4&#8243; _module_preset=&#8221;default&#8221; width=&#8221;100%&#8221; max_width=&#8221;100%&#8221; custom_margin=&#8221;0px||||false|false&#8221; custom_padding=&#8221;0px||||false|false&#8221; global_colors_info=&#8221;{}&#8221;][et_pb_column type=&#8221;4_4&#8243; _builder_version=&#8221;4.17.4&#8243; _module_preset=&#8221;default&#8221; global_colors_info=&#8221;{}&#8221;][et_pb_image src=&#8221;https:\/\/rioday.com.br\/site\/wp-content\/uploads\/2022\/07\/como-montar-hamburgueria.jpg&#8221; alt=&#8221;equipamento vulcan para hamburgueria&#8221; _builder_version=&#8221;4.17.4&#8243; _module_preset=&#8221;default&#8221; global_colors_info=&#8221;{}&#8221;][\/et_pb_image][\/et_pb_column][\/et_pb_row][\/et_pb_section][et_pb_section fb_built=&#8221;1&#8243; _builder_version=&#8221;4.17.4&#8243; _module_preset=&#8221;default&#8221; custom_padding=&#8221;6px||7px|||&#8221; global_colors_info=&#8221;{}&#8221;][et_pb_row _builder_version=&#8221;4.17.4&#8243; _module_preset=&#8221;default&#8221; global_colors_info=&#8221;{}&#8221;][et_pb_column type=&#8221;4_4&#8243; _builder_version=&#8221;4.17.4&#8243; _module_preset=&#8221;default&#8221; global_colors_info=&#8221;{}&#8221;][et_pb_text _builder_version=&#8221;4.17.4&#8243; _module_preset=&#8221;default&#8221; text_font=&#8221;Poppins|700|||||||&#8221; text_font_size=&#8221;32px&#8221; header_font=&#8221;Poppins|800|||||||&#8221; header_text_align=&#8221;center&#8221; header_text_color=&#8221;#fe8a01&#8243; header_font_size=&#8221;48px&#8221; header_line_height=&#8221;1.5em&#8221; text_orientation=&#8221;center&#8221; custom_padding=&#8221;||20px||false|false&#8221; border_color_all=&#8221;#fe8a01&#8243; border_style_all=&#8221;dotted&#8221; border_width_bottom=&#8221;5px&#8221; global_colors_info=&#8221;{}&#8221;]<\/p>\n<h1>Vulcan Equipamentos profissionais para Cozinhas e Restaurantes.<\/h1>\n<p>Melhores condi\u00e7\u00f5es de pagamento.<\/p>\n<p><span style=\"color: #fe8a01; font-size: 42px;\">&#8220;&#8230;e Pronta entrega&#8221;.<\/span><\/p>\n<p><img loading=\"lazy\" decoding=\"async\" class=\"wp-image-2150 size-medium aligncenter\" src=\"https:\/\/rioday.com.br\/site\/wp-content\/uploads\/2022\/07\/como-comprar-chapa-vulcan-300x89.jpg\" alt=\"comprar chapa vulcan\" width=\"300\" height=\"89\" srcset=\"https:\/\/rioday.com.br\/site\/wp-content\/uploads\/2022\/07\/como-comprar-chapa-vulcan-300x89.jpg 300w, https:\/\/rioday.com.br\/site\/wp-content\/uploads\/2022\/07\/como-comprar-chapa-vulcan.jpg 400w\" sizes=\"(max-width: 300px) 100vw, 300px\" \/>\u00a0<\/p>\n<p><span style=\"color: #fe8a01; font-size: 42px; font-weight: 900;\">LINHA DE PRODUTOS VULCAN<\/span><\/p>\n<p>[\/et_pb_text][et_pb_text _builder_version=&#8221;4.17.4&#8243; _module_preset=&#8221;default&#8221; text_font=&#8221;Poppins||||||||&#8221; text_text_color=&#8221;#3f3f3f&#8221; text_font_size=&#8221;20px&#8221; text_orientation=&#8221;justified&#8221; global_colors_info=&#8221;{}&#8221;]<\/p>\n<p>Aumente a efici\u00eancia e produtividade da sua hamburgueria com equipamentos profissionais Vulcan de alta qualidade e performance. Com a linha Vulcan para restaurantes e cozinhas, voc\u00ea garante praticidade e facilidade no preparo, otimizando suas produ\u00e7\u00f5es com seguran\u00e7a, economia e excel\u00eancia.<\/p>\n<p style=\"text-align: center;\"><strong>Essa \u00e9 a sua chance de investir nos melhores equipamentos para produ\u00e7\u00e3o de alimentos do mercado! MONTE A SUA HAMBURGUERIA CONOSCO!<\/strong><\/p>\n<p>[\/et_pb_text][\/et_pb_column][\/et_pb_row][\/et_pb_section][et_pb_section fb_built=&#8221;1&#8243; _builder_version=&#8221;4.17.4&#8243; _module_preset=&#8221;default&#8221; background_image=&#8221;https:\/\/rioday.com.br\/site\/wp-content\/uploads\/2022\/07\/hamburgueria-vulcan.jpg&#8221; global_colors_info=&#8221;{}&#8221;][et_pb_row column_structure=&#8221;1_3,1_3,1_3&#8243; _builder_version=&#8221;4.17.4&#8243; _module_preset=&#8221;default&#8221; global_colors_info=&#8221;{}&#8221;][et_pb_column type=&#8221;1_3&#8243; _builder_version=&#8221;4.17.4&#8243; _module_preset=&#8221;default&#8221; global_colors_info=&#8221;{}&#8221;][et_pb_image src=&#8221;https:\/\/rioday.com.br\/site\/wp-content\/uploads\/2022\/07\/hotplate-gas-vulcan.jpg&#8221; alt=&#8221;hotplate gas vulcan&#8221; title_text=&#8221;Hotplate ( Fog\u00e3o ) a g\u00e1s vulcan&#8221; show_in_lightbox=&#8221;on&#8221; _builder_version=&#8221;4.17.4&#8243; _module_preset=&#8221;default&#8221; global_colors_info=&#8221;{}&#8221;][\/et_pb_image][\/et_pb_column][et_pb_column type=&#8221;1_3&#8243; _builder_version=&#8221;4.17.4&#8243; _module_preset=&#8221;default&#8221; global_colors_info=&#8221;{}&#8221;][et_pb_image src=&#8221;https:\/\/rioday.com.br\/site\/wp-content\/uploads\/2022\/07\/fritadeira-vulcan-gas.jpg&#8221; alt=&#8221;fritadeira vulcan a g\u00e1s&#8221; title_text=&#8221;Fritadeira Vulcan a g\u00e1s&#8221; show_in_lightbox=&#8221;on&#8221; _builder_version=&#8221;4.17.4&#8243; _module_preset=&#8221;default&#8221; global_colors_info=&#8221;{}&#8221;][\/et_pb_image][\/et_pb_column][et_pb_column type=&#8221;1_3&#8243; _builder_version=&#8221;4.17.4&#8243; _module_preset=&#8221;default&#8221; global_colors_info=&#8221;{}&#8221;][et_pb_image src=&#8221;https:\/\/rioday.com.br\/site\/wp-content\/uploads\/2022\/07\/broiller-vulcan-gas.jpg&#8221; alt=&#8221;char broiler a g\u00e1s vulcan&#8221; title_text=&#8221;Char Broiler a G\u00e1s Vulcan&#8221; show_in_lightbox=&#8221;on&#8221; _builder_version=&#8221;4.17.4&#8243; _module_preset=&#8221;default&#8221; global_colors_info=&#8221;{}&#8221;][\/et_pb_image][\/et_pb_column][\/et_pb_row][et_pb_row _builder_version=&#8221;4.17.4&#8243; _module_preset=&#8221;default&#8221; global_colors_info=&#8221;{}&#8221;][et_pb_column type=&#8221;4_4&#8243; _builder_version=&#8221;4.17.4&#8243; _module_preset=&#8221;default&#8221; global_colors_info=&#8221;{}&#8221;][et_pb_button button_url=&#8221;https:\/\/api.whatsapp.com\/send?phone=552122703084&#8243; url_new_window=&#8221;on&#8221; button_text=&#8221;SOLICITE SEU OR\u00c7AMENTO AQUI!&#8221; button_alignment=&#8221;center&#8221; _builder_version=&#8221;4.18.0&#8243; _module_preset=&#8221;default&#8221; custom_button=&#8221;on&#8221; button_text_size=&#8221;24px&#8221; button_text_color=&#8221;#FFFFFF&#8221; button_bg_color=&#8221;#95c106&#8243; button_border_radius=&#8221;6px&#8221; button_font=&#8221;Poppins|700|||||||&#8221; hover_enabled=&#8221;0&#8243; global_colors_info=&#8221;{}&#8221; sticky_enabled=&#8221;0&#8243;][\/et_pb_button][\/et_pb_column][\/et_pb_row][et_pb_row column_structure=&#8221;1_2,1_2&#8243; use_custom_gutter=&#8221;on&#8221; gutter_width=&#8221;1&#8243; _builder_version=&#8221;4.17.4&#8243; _module_preset=&#8221;default&#8221; max_width=&#8221;900px&#8221; module_alignment=&#8221;center&#8221; global_colors_info=&#8221;{}&#8221;][et_pb_column type=&#8221;1_2&#8243; _builder_version=&#8221;4.17.4&#8243; _module_preset=&#8221;default&#8221; global_colors_info=&#8221;{}&#8221;][et_pb_image src=&#8221;https:\/\/rioday.com.br\/site\/wp-content\/uploads\/2022\/07\/chapa-vulcan-gas.jpg&#8221; alt=&#8221;Chapa a G\u00e1s Vulcan&#8221; title_text=&#8221;Chapa a G\u00e1s Vulcan&#8221; align=&#8221;center&#8221; _builder_version=&#8221;4.17.4&#8243; _module_preset=&#8221;default&#8221; max_width=&#8221;340px&#8221; global_colors_info=&#8221;{}&#8221;][\/et_pb_image][\/et_pb_column][et_pb_column type=&#8221;1_2&#8243; _builder_version=&#8221;4.17.4&#8243; _module_preset=&#8221;default&#8221; global_colors_info=&#8221;{}&#8221;][et_pb_image src=&#8221;https:\/\/rioday.com.br\/site\/wp-content\/uploads\/2022\/07\/chapa-vulcan-gas.jpg&#8221; alt=&#8221;Chapa a G\u00e1s Vulcan&#8221; title_text=&#8221;Chapa a G\u00e1s Vulcan&#8221; align=&#8221;center&#8221; _builder_version=&#8221;4.17.4&#8243; _module_preset=&#8221;default&#8221; max_width=&#8221;340px&#8221; module_alignment=&#8221;center&#8221; global_colors_info=&#8221;{}&#8221;][\/et_pb_image][\/et_pb_column][\/et_pb_row][\/et_pb_section][et_pb_section fb_built=&#8221;1&#8243; _builder_version=&#8221;4.17.4&#8243; _module_preset=&#8221;default&#8221; background_color=&#8221;#160a06&#8243; custom_padding=&#8221;52px|||||&#8221; global_colors_info=&#8221;{}&#8221;][et_pb_row column_structure=&#8221;2_3,1_3&#8243; _builder_version=&#8221;4.17.4&#8243; _module_preset=&#8221;default&#8221; global_colors_info=&#8221;{}&#8221;][et_pb_column type=&#8221;2_3&#8243; _builder_version=&#8221;4.17.4&#8243; _module_preset=&#8221;default&#8221; global_colors_info=&#8221;{}&#8221;][et_pb_text _builder_version=&#8221;4.17.4&#8243; _module_preset=&#8221;default&#8221; text_font=&#8221;Poppins||||||||&#8221; text_text_color=&#8221;#fccf00&#8243; text_font_size=&#8221;28px&#8221; header_2_font=&#8221;Poppins|800|||||||&#8221; header_2_text_color=&#8221;#fccf00&#8243; header_2_font_size=&#8221;40px&#8221; custom_padding=&#8221;32px|||||&#8221; global_colors_info=&#8221;{}&#8221;]<span style=\"color: #ffffff; font-size: 54px; font-weight: 800;\">GR\u00c1TIS!<\/span><\/p>\n<p>A CADA COMPRA DE UM DOS<\/p>\n<h2>PRODUTOS VULCAN<\/h2>\n<p><span style=\"color: #ffffff; font-size: 36px; font-weight: 600;\">GANHE 5L DE DESENGORDURANTE!<\/span><\/p>\n<p><span style=\"color: #ffffff; font-size: 24px; font-weight: 500;\">MASTER GRILL \u00e9 um dos melhores detergentes desincrustante alcalino para remo\u00e7\u00e3o de gorduras carbonizadas.<\/span>[\/et_pb_text][\/et_pb_column][et_pb_column type=&#8221;1_3&#8243; _builder_version=&#8221;4.17.4&#8243; _module_preset=&#8221;default&#8221; global_colors_info=&#8221;{}&#8221;][et_pb_image src=&#8221;https:\/\/rioday.com.br\/site\/wp-content\/uploads\/2022\/07\/desengordurante.png&#8221; alt=&#8221;Desengordurante Gr\u00e1tis&#8221; title_text=&#8221;Desengordurante Gr\u00e1tis&#8221; show_in_lightbox=&#8221;on&#8221; _builder_version=&#8221;4.17.4&#8243; _module_preset=&#8221;default&#8221; global_colors_info=&#8221;{}&#8221;][\/et_pb_image][\/et_pb_column][\/et_pb_row][\/et_pb_section][et_pb_section fb_built=&#8221;1&#8243; _builder_version=&#8221;4.17.4&#8243; _module_preset=&#8221;default&#8221; custom_padding=&#8221;||13px|||&#8221; global_colors_info=&#8221;{}&#8221;][et_pb_row _builder_version=&#8221;4.17.4&#8243; _module_preset=&#8221;default&#8221; global_colors_info=&#8221;{}&#8221;][et_pb_column type=&#8221;4_4&#8243; _builder_version=&#8221;4.17.4&#8243; _module_preset=&#8221;default&#8221; global_colors_info=&#8221;{}&#8221;][et_pb_button button_url=&#8221;https:\/\/api.whatsapp.com\/send?phone=552122703084&#8243; url_new_window=&#8221;on&#8221; button_text=&#8221;SOLICITE SEU OR\u00c7AMENTO AQUI!&#8221; button_alignment=&#8221;center&#8221; _builder_version=&#8221;4.18.0&#8243; _module_preset=&#8221;default&#8221; custom_button=&#8221;on&#8221; button_text_size=&#8221;24px&#8221; button_text_color=&#8221;#FFFFFF&#8221; button_bg_color=&#8221;#95c106&#8243; button_border_radius=&#8221;6px&#8221; button_font=&#8221;Poppins|700|||||||&#8221; hover_enabled=&#8221;0&#8243; global_colors_info=&#8221;{}&#8221; sticky_enabled=&#8221;0&#8243;][\/et_pb_button][\/et_pb_column][\/et_pb_row][\/et_pb_section][et_pb_section fb_built=&#8221;1&#8243; fullwidth=&#8221;on&#8221; _builder_version=&#8221;4.17.4&#8243; _module_preset=&#8221;default&#8221; global_colors_info=&#8221;{}&#8221;][et_pb_fullwidth_image src=&#8221;https:\/\/rioday.com.br\/site\/wp-content\/uploads\/2022\/07\/pronta-entrega.jpg&#8221; _builder_version=&#8221;4.17.4&#8243; _module_preset=&#8221;default&#8221; global_colors_info=&#8221;{}&#8221;][\/et_pb_fullwidth_image][\/et_pb_section][et_pb_section fb_built=&#8221;1&#8243; _builder_version=&#8221;4.17.4&#8243; _module_preset=&#8221;default&#8221; custom_padding=&#8221;10px||10px|||&#8221; global_colors_info=&#8221;{}&#8221;][et_pb_row _builder_version=&#8221;4.17.4&#8243; _module_preset=&#8221;default&#8221; global_colors_info=&#8221;{}&#8221;][et_pb_column type=&#8221;4_4&#8243; _builder_version=&#8221;4.17.4&#8243; _module_preset=&#8221;default&#8221; global_colors_info=&#8221;{}&#8221;][et_pb_text _builder_version=&#8221;4.17.4&#8243; _module_preset=&#8221;default&#8221; text_font=&#8221;Poppins|700|||||||&#8221; text_text_color=&#8221;#7e0648&#8243; text_font_size=&#8221;24px&#8221; text_orientation=&#8221;center&#8221; global_colors_info=&#8221;{}&#8221;]<\/p>\n<p>Estamos prontos para lhe atender:<\/p>\n<p>[\/et_pb_text][\/et_pb_column][\/et_pb_row][et_pb_row column_structure=&#8221;1_2,1_2&#8243; _builder_version=&#8221;4.17.4&#8243; _module_preset=&#8221;default&#8221; max_width=&#8221;900px&#8221; global_colors_info=&#8221;{}&#8221;][et_pb_column type=&#8221;1_2&#8243; _builder_version=&#8221;4.17.4&#8243; _module_preset=&#8221;default&#8221; global_colors_info=&#8221;{}&#8221;][et_pb_image src=&#8221;https:\/\/rioday.com.br\/site\/wp-content\/uploads\/2022\/07\/tel-zap.png&#8221; title_text=&#8221;Ligue por Whatsapp!&#8221; url=&#8221;https:\/\/api.whatsapp.com\/send?phone=5521999878038&#8243; url_new_window=&#8221;on&#8221; align=&#8221;center&#8221; _builder_version=&#8221;4.17.4&#8243; _module_preset=&#8221;default&#8221; global_colors_info=&#8221;{}&#8221;][\/et_pb_image][\/et_pb_column][et_pb_column type=&#8221;1_2&#8243; _builder_version=&#8221;4.17.4&#8243; _module_preset=&#8221;default&#8221; global_colors_info=&#8221;{}&#8221;][et_pb_image src=&#8221;https:\/\/rioday.com.br\/site\/wp-content\/uploads\/2022\/07\/tel-fixo.png&#8221; title_text=&#8221;Ligue por telefone fixo!&#8221; align=&#8221;center&#8221; _builder_version=&#8221;4.17.4&#8243; _module_preset=&#8221;default&#8221; global_colors_info=&#8221;{}&#8221;][\/et_pb_image][\/et_pb_column][\/et_pb_row][et_pb_row _builder_version=&#8221;4.17.4&#8243; _module_preset=&#8221;default&#8221; global_colors_info=&#8221;{}&#8221;][et_pb_column type=&#8221;4_4&#8243; _builder_version=&#8221;4.17.4&#8243; _module_preset=&#8221;default&#8221; global_colors_info=&#8221;{}&#8221;][et_pb_text _builder_version=&#8221;4.17.4&#8243; _module_preset=&#8221;default&#8221; text_font=&#8221;Poppins|700|||||||&#8221; text_font_size=&#8221;16px&#8221; text_orientation=&#8221;center&#8221; global_colors_info=&#8221;{}&#8221;]<\/p>\n<p>*Consulte condi\u00e7\u00f5es de parcelamento e entrega.<\/p>\n<p>[\/et_pb_text][\/et_pb_column][\/et_pb_row][\/et_pb_section][et_pb_section fb_built=&#8221;1&#8243; _builder_version=&#8221;4.17.4&#8243; _module_preset=&#8221;default&#8221; background_color=&#8221;#f3cc3a&#8221; global_colors_info=&#8221;{}&#8221;][et_pb_row _builder_version=&#8221;4.17.4&#8243; _module_preset=&#8221;default&#8221; global_colors_info=&#8221;{}&#8221;][et_pb_column type=&#8221;4_4&#8243; _builder_version=&#8221;4.17.4&#8243; _module_preset=&#8221;default&#8221; global_colors_info=&#8221;{}&#8221;][et_pb_text _builder_version=&#8221;4.17.4&#8243; _module_preset=&#8221;default&#8221; text_font=&#8221;Poppins|800|||||||&#8221; text_text_color=&#8221;#7e0648&#8243; text_font_size=&#8221;42px&#8221; text_letter_spacing=&#8221;1px&#8221; text_orientation=&#8221;center&#8221; global_colors_info=&#8221;{}&#8221;]<\/p>\n<p>DEPOIMENTOS<\/p>\n<p>[\/et_pb_text][et_pb_slider _builder_version=&#8221;4.17.4&#8243; _module_preset=&#8221;default&#8221; body_text_color=&#8221;#2b2b2b&#8221; body_font_size=&#8221;18px&#8221; body_line_height=&#8221;1.5em&#8221; background_color=&#8221;#f3cc3a&#8221; custom_padding=&#8221;45px||59px|||&#8221; border_width_all=&#8221;1px&#8221; global_colors_info=&#8221;{}&#8221;][et_pb_slide admin_title=&#8221;Ronnie&#8221; _builder_version=&#8221;4.17.4&#8243; _module_preset=&#8221;default&#8221; background_color=&#8221;#f8d538&#8243; background_enable_color=&#8221;on&#8221; global_colors_info=&#8221;{}&#8221; sticky_transition=&#8221;on&#8221;]<\/p>\n<p><span>Empresa com equipamentos de qualidade, tem toda linha de coa\u00e7\u00e3o da Vulcan para Hamburquerias.<\/span><br \/><span>Tem um leque completo para atender seus clientes.<\/span><\/p>\n<p><strong>Ronnie Stefano<\/strong><\/p>\n<p>[\/et_pb_slide][et_pb_slide admin_title=&#8221;Luciano Ribeiro Mira&#8221; _builder_version=&#8221;4.17.4&#8243; _module_preset=&#8221;default&#8221; background_color=&#8221;#f8d538&#8243; background_enable_color=&#8221;on&#8221; global_colors_info=&#8221;{}&#8221; sticky_transition=&#8221;on&#8221;]<\/p>\n<p><span>Uma firma grande com bom atendimento em consertos de eletrodom\u00e9sticos<\/span><\/p>\n<p><strong>Luciano Ribeiro Mira<\/strong><\/p>\n<p>[\/et_pb_slide][et_pb_slide admin_title=&#8221;Milena Santos&#8221; _builder_version=&#8221;4.17.4&#8243; _module_preset=&#8221;default&#8221; background_color=&#8221;#f8d538&#8243; background_enable_color=&#8221;on&#8221; global_colors_info=&#8221;{}&#8221; sticky_transition=&#8221;on&#8221;]<\/p>\n<p><span>O supervisor da empresa \u00e9 nota 10<\/span><\/p>\n<p><strong>Milena Santos<\/strong><\/p>\n<p>[\/et_pb_slide][et_pb_slide admin_title=&#8221;Milena Santos&#8221; _builder_version=&#8221;4.17.4&#8243; _module_preset=&#8221;default&#8221; background_color=&#8221;#f8d538&#8243; background_enable_color=&#8221;on&#8221; global_colors_info=&#8221;{}&#8221; sticky_transition=&#8221;on&#8221;]<span>\u00d3timo para cozinhas industrias<\/span><\/p>\n<p><strong>Luiz Felipe dos Santos Dias<\/strong>[\/et_pb_slide][\/et_pb_slider][\/et_pb_column][\/et_pb_row][\/et_pb_section][et_pb_section fb_built=&#8221;1&#8243; _builder_version=&#8221;4.17.4&#8243; _module_preset=&#8221;default&#8221; custom_padding=&#8221;||0px|||&#8221; global_colors_info=&#8221;{}&#8221;][et_pb_row _builder_version=&#8221;4.17.4&#8243; _module_preset=&#8221;default&#8221; global_colors_info=&#8221;{}&#8221;][et_pb_column type=&#8221;4_4&#8243; _builder_version=&#8221;4.17.4&#8243; _module_preset=&#8221;default&#8221; global_colors_info=&#8221;{}&#8221;][et_pb_image src=&#8221;https:\/\/rioday.com.br\/site\/wp-content\/uploads\/2022\/07\/como-comprar-chapa-vulcan.jpg&#8221; alt=&#8221;comprar chapa vulcan&#8221; title_text=&#8221;Equipamentos Vulcan, aproveite!&#8221; align=&#8221;center&#8221; _builder_version=&#8221;4.17.4&#8243; _module_preset=&#8221;default&#8221; global_colors_info=&#8221;{}&#8221;][\/et_pb_image][\/et_pb_column][\/et_pb_row][et_pb_row _builder_version=&#8221;4.17.4&#8243; _module_preset=&#8221;default&#8221; global_colors_info=&#8221;{}&#8221;][et_pb_column type=&#8221;4_4&#8243; _builder_version=&#8221;4.17.4&#8243; _module_preset=&#8221;default&#8221; global_colors_info=&#8221;{}&#8221;][et_pb_button button_url=&#8221;https:\/\/api.whatsapp.com\/send?phone=552122703084&#8243; url_new_window=&#8221;on&#8221; button_text=&#8221;SOLICITE O MELHOR PRE\u00c7O AQUI!&#8221; button_alignment=&#8221;center&#8221; _builder_version=&#8221;4.18.0&#8243; _module_preset=&#8221;default&#8221; custom_button=&#8221;on&#8221; button_text_size=&#8221;24px&#8221; button_text_color=&#8221;#FFFFFF&#8221; button_bg_color=&#8221;#95c106&#8243; button_border_radius=&#8221;6px&#8221; button_font=&#8221;Poppins|700|||||||&#8221; hover_enabled=&#8221;0&#8243; global_colors_info=&#8221;{}&#8221; sticky_enabled=&#8221;0&#8243;][\/et_pb_button][\/et_pb_column][\/et_pb_row][\/et_pb_section]<\/p>\n","protected":false},"excerpt":{"rendered":"<p>Vulcan Equipamentos profissionais para Cozinhas e Restaurantes. Melhores condi\u00e7\u00f5es de pagamento. &#8220;&#8230;e Pronta entrega&#8221;. \u00a0 LINHA DE PRODUTOS VULCANAumente a efici\u00eancia e produtividade da sua hamburgueria com equipamentos profissionais Vulcan de alta qualidade e performance. Com a linha Vulcan para restaurantes e cozinhas, voc\u00ea garante praticidade e facilidade no preparo, otimizando suas produ\u00e7\u00f5es com seguran\u00e7a, [&hellip;]<\/p>\n","protected":false},"author":1,"featured_media":0,"parent":0,"menu_order":0,"comment_status":"closed","ping_status":"closed","template":"page-template-blank.php","meta":{"_et_pb_use_builder":"on","_et_pb_old_content":"","_et_gb_content_width":"","footnotes":""},"aioseo_notices":[],"_links":{"self":[{"href":"https:\/\/rioday.com.br\/site\/wp-json\/wp\/v2\/pages\/2146"}],"collection":[{"href":"https:\/\/rioday.com.br\/site\/wp-json\/wp\/v2\/pages"}],"about":[{"href":"https:\/\/rioday.com.br\/site\/wp-json\/wp\/v2\/types\/page"}],"author":[{"embeddable":true,"href":"https:\/\/rioday.com.br\/site\/wp-json\/wp\/v2\/users\/1"}],"replies":[{"embeddable":true,"href":"https:\/\/rioday.com.br\/site\/wp-json\/wp\/v2\/comments?post=2146"}],"version-history":[{"count":22,"href":"https:\/\/rioday.com.br\/site\/wp-json\/wp\/v2\/pages\/2146\/revisions"}],"predecessor-version":[{"id":2243,"href":"https:\/\/rioday.com.br\/site\/wp-json\/wp\/v2\/pages\/2146\/revisions\/2243"}],"wp:attachment":[{"href":"https:\/\/rioday.com.br\/site\/wp-json\/wp\/v2\/media?parent=2146"}],"curies":[{"name":"wp","href":"https:\/\/api.w.org\/{rel}","templated":true}]}}