{"id":3,"date":"2019-01-24T11:35:43","date_gmt":"2019-01-24T13:35:43","guid":{"rendered":"http:\/\/rioday.com.br\/site\/?page_id=3"},"modified":"2023-06-22T17:39:02","modified_gmt":"2023-06-22T20:39:02","slug":"politica-de-privacidade","status":"publish","type":"page","link":"https:\/\/rioday.com.br\/site\/politica-de-privacidade\/","title":{"rendered":"Pol\u00edtica de privacidade"},"content":{"rendered":"<p>[et_pb_section fb_built=&#8221;1&#8243; _builder_version=&#8221;4.19.5&#8243; _module_preset=&#8221;default&#8221; global_colors_info=&#8221;{}&#8221;][et_pb_row _builder_version=&#8221;4.19.5&#8243; _module_preset=&#8221;default&#8221; global_colors_info=&#8221;{}&#8221;][et_pb_column type=&#8221;4_4&#8243; _builder_version=&#8221;4.19.5&#8243; _module_preset=&#8221;default&#8221; global_colors_info=&#8221;{}&#8221;][et_pb_text _builder_version=&#8221;4.19.5&#8243; _module_preset=&#8221;default&#8221; header_2_text_align=&#8221;left&#8221; header_3_text_align=&#8221;left&#8221; text_orientation=&#8221;justified&#8221; custom_padding=&#8221;||||false|false&#8221; hover_enabled=&#8221;0&#8243; global_colors_info=&#8221;{}&#8221; sticky_enabled=&#8221;0&#8243;]<\/p>\n<h2><strong>POL\u00cdTICA DE PRIVACIDADE DE DADOS<\/strong><\/h2>\n<p>A Loja\u00a0<strong>Rio Day Equipamentos<\/strong>\u00a0se compromete com a seguran\u00e7a de seus dados e \u00e9 claro que aqui na nossa loja oficial n\u00e3o \u00e9 diferente. Mantemos suas informa\u00e7\u00f5es no mais absoluto sigilo!<\/p>\n<p>Priorizamos a privacidade e a seguran\u00e7a de nossos clientes durante todo o processo de navega\u00e7\u00e3o e compra pelo site. Todos os dados cadastrados (nome, endere\u00e7o, CPF) nunca ser\u00e3o comercializados ou trocados. Alguns dados, necess\u00e1rios para que empresas de log\u00edstica e meios de pagamento possam realizar a cobran\u00e7a e envio de seu pedido, ser\u00e3o divulgados para terceiros, quando tais informa\u00e7\u00f5es forem necess\u00e1rias para o processo de entrega e cobran\u00e7a. Seus dados pessoais s\u00e3o fundamentais para que seu pedido chegue em seguran\u00e7a.<\/p>\n<p>Utilizamos cookies e informa\u00e7\u00f5es de sua navega\u00e7\u00e3o com o objetivo de tra\u00e7ar um perfil do p\u00fablico que visita o site e, assim, podermos aperfei\u00e7oar nossos servi\u00e7os, produtos e conte\u00fados, tudo conforme o regulamentado pela Lei Geral de Prote\u00e7\u00e3o de Dados. Durante todo este processo, mantemos suas informa\u00e7\u00f5es em sigilo absoluto.<\/p>\n<h3><strong>O que s\u00e3o dados pessoais?<\/strong><\/h3>\n<p>Dados pessoais s\u00e3o quaisquer informa\u00e7\u00f5es capazes de identificar voc\u00ea e\/ou qualquer pessoa f\u00edsica. Ou seja, s\u00e3o considerados dados pessoais n\u00e3o s\u00f3 aqueles que identificam uma pessoa imediatamente (como nome, sobrenome, CPF, RG, CNH, Carteira de Trabalho, passaporte e t\u00edtulo de eleitor), como tamb\u00e9m aqueles que, em conjunto com outros dados, tornam uma pessoa identific\u00e1vel. Dados como g\u00eanero, idade, telefone, e-mail, ainda que n\u00e3o sejam capazes de identificar algu\u00e9m de imediato, em conjunto, tornam a pessoa pass\u00edvel de identifica\u00e7\u00e3o.<\/p>\n<h3><strong>O que \u00e9 a LGPD?<\/strong><\/h3>\n<p>A Lei Geral de Prote\u00e7\u00e3o de Dados (Lei n\u00ba 13.709\/2018) regulamenta o tratamento de dados pessoais de clientes e usu\u00e1rios por parte de empresas p\u00fablicas e privadas.<\/p>\n<h3><strong>O que \u00e9 tratamento de dados?<\/strong><\/h3>\n<p>\u00c9 o termo utilizado pela LGPD que resume tudo o que uma empresa pode fazer com dados pessoais a que tem acesso, como coleta, qualifica\u00e7\u00e3o, compartilhamento e exclus\u00e3o.<\/p>\n<h3><strong>O que s\u00e3o cookies?<\/strong><\/h3>\n<p>S\u00e3o pequenos arquivos de texto enviados para seu navegador, contendo registros sobre seu comportamento ao acessar um site, mas que n\u00e3o armazenam dados pessoais ou afetam o sistema do seu dispositivo Utilizamos\u00a0<em>cookies<\/em>,\u00a0<em>pixels<\/em>\u00a0e outras tecnologias para reconhecer seu navegador ou dispositivo, aprender mais sobre seus interesses, apresentar servi\u00e7os essenciais, aperfei\u00e7oar a sua experi\u00eancia de navega\u00e7\u00e3o e, ainda, para impedir atividades fraudulentas e melhorar a sua seguran\u00e7a no processo de compra em nossa loja.<\/p>\n<h3><strong>Cookies da Sess\u00e3o<\/strong><\/h3>\n<p>Cookies da sess\u00e3o s\u00e3o cookies tempor\u00e1rios que s\u00e3o utilizados para lembrar de voc\u00ea durante o curso da sua visita ao site, e eles perdem a validade quando voc\u00ea fecha o navegador.<\/p>\n<h3><strong>Cookies Persistentes<\/strong><\/h3>\n<p>Cookies persistentes s\u00e3o utilizados para medir a efic\u00e1cia de nosso site, bem como lembrar suas prefer\u00eancias do site, e permanecem no seu desktop ou dispositivo m\u00f3vel mesmo depois de voc\u00ea fechar o seu navegador ou efetuar uma reinicializa\u00e7\u00e3o. Utilizamos tais cookies para analisar o comportamento do usu\u00e1rio e estabelecer padr\u00f5es, de modo a melhorar a funcionalidade do nosso site para voc\u00ea e outros que o visitam. Estes cookies tamb\u00e9m nos permitem oferecer os an\u00fancios segmentados e medir a efic\u00e1cia do nosso site, al\u00e9m da funcionalidade de tais an\u00fancios.<\/p>\n<h3><strong>Como os Cookies de terceiros s\u00e3o usados?<\/strong><\/h3>\n<p>S\u00e3o utilizados quando o cliente faz login para permanecer logado, ou quando tem um produto no carrinho para o cliente n\u00e3o perder o carrinho enquanto navega na loja.<\/p>\n<h3><strong>Como usamos os dados pessoais que coletamos?<\/strong><\/h3>\n<p>Voc\u00ea\u00a0 est\u00e1 ciente de que fornece informa\u00e7\u00e3o de forma consciente e volunt\u00e1ria por meio de aceite dos cookies da p\u00e1gina, bem como no momento de realiza\u00e7\u00e3o de um pedido no site e\/ou cadastro em nosso site. Quando voc\u00ea o realiza o cadastro e\/ou preenche formul\u00e1rio oferecido pela <strong>Rio Day Equipamentos<\/strong>, inclusive nos sites por ela operados, determinados Dados Pessoais solicitados ser\u00e3o mantidos em sigilo e ser\u00e3o utilizados apenas para o prop\u00f3sito que motivou o cadastro, n\u00e3o sendo divulgados a terceiros, a n\u00e3o ser no cumprimento de ordens judiciais e\/ou emitidas por autoridades p\u00fablicas.<\/p>\n<p>Para que estes dados permane\u00e7am seguros, recomendamos que voc\u00ea jamais forne\u00e7a seus dados de acesso ao site (login e senha) a terceiros, mesmo que sejam amigos e parentes. Em caso de suspeita ou confirma\u00e7\u00e3o de acesso indevido, entre imediatamente em sua \u00e1rea de cliente e altere a senha.<\/p>\n<h3><strong>Por quanto tempo usamos os dados pessoais que coletamos?<\/strong><\/h3>\n<p>Os Dados Pessoais s\u00e3o armazenados somente pelo tempo necess\u00e1rio para cumprir com as finalidades para as quais foram coletados, salvo se houver outra raz\u00e3o para a sua manuten\u00e7\u00e3o, a exemplo do cumprimento de quaisquer obriga\u00e7\u00f5es legais, regulat\u00f3rias, contratuais, entre outras.<\/p>\n<h3><strong>Quais os seus direitos?<\/strong><\/h3>\n<p>Voc\u00ea tem direito de solicitar \u00e0 <strong>Rio Day Equipamentos<\/strong>\u00a0informa\u00e7\u00f5es referentes ao tratamento de seus dados pessoais, por meio dos pedidos abaixo:<\/p>\n<ol>\n<li>Confirma\u00e7\u00e3o da exist\u00eancia de tratamento de dados pessoais seus e acesso aos dados;<\/li>\n<li>Corre\u00e7\u00e3o de dados incompletos, inexatos ou desatualizados &#8211; \u00e9 importante que os dados pessoais sejam precisos e atuais e cabe a voc\u00ea mant\u00ea-los corretos e atualizados;<\/li>\n<li>Anonimiza\u00e7\u00e3o, bloqueio ou elimina\u00e7\u00e3o de dados desnecess\u00e1rios, excessivos ou tratados em desconformidade com a LGPD &#8211; voc\u00ea poder\u00e1 solicitar o bloqueio e a elimina\u00e7\u00e3o de seus dados pessoais, salvo nos casos previstos em lei;<\/li>\n<li>Portabilidade dos dados a outro fornecedor de servi\u00e7o ou produto, mediante requisi\u00e7\u00e3o expressa, de acordo com a regulamenta\u00e7\u00e3o da Autoridade Nacional, observados os segredos comercial e industrial &#8211; a portabilidade dos dados pessoais n\u00e3o inclui dados j\u00e1 anonimizados pela <strong>Rio Day Equipamentos<\/strong>;<\/li>\n<li>Informa\u00e7\u00e3o sobre o compartilhamento de dados com entidades p\u00fablicas e privadas;<\/li>\n<li>Informa\u00e7\u00e3o sobre a possibilidade de n\u00e3o fornecer consentimento e sobre as consequ\u00eancias da negativa: a <strong>Rio Day Equipamentos<\/strong>\u00a0est\u00e1 dispon\u00edvel para atender e auxiliar, de forma transparente, quaisquer d\u00favidas que possam existir em fun\u00e7\u00e3o do tratamento dos seus dados pessoais, inclusive sobre os poss\u00edveis impactos decorrentes do n\u00e3o fornecimento do consentimento;<\/li>\n<li>Revoga\u00e7\u00e3o do consentimento: voc\u00ea pode retirar o seu consentimento em rela\u00e7\u00e3o \u00e0s atividades de tratamento que o requerem;<\/li>\n<\/ol>\n<p>Para qualquer dos pedidos elencados acima, voc\u00ea dever\u00e1 entrar em contato com a <strong>Rio Day Equipamentos<\/strong>\u00a0por meio das informa\u00e7\u00f5es de contato disponibilizadas.<\/p>\n<p>Cadastre-se e compre com tranquilidade, sem preocupa\u00e7\u00f5es.<\/p>\n<p>As altera\u00e7\u00f5es sobre nossa pol\u00edtica de privacidade ser\u00e3o devidamente informadas neste espa\u00e7o.<\/p>\n<p>A <strong>Rio Day Equipamentos<\/strong>\u00a0garante que utiliza os seus dados pessoais de endere\u00e7amento, pagamento e conte\u00fado do pedido, apenas para fins de processamento dos pedidos realizados, n\u00e3o sendo, portanto, divulgados em hip\u00f3tese alguma. Em rela\u00e7\u00e3o \u00e0 seguran\u00e7a no tr\u00e1fego de dados, toda a navega\u00e7\u00e3o realizada em nosso site, bem como as transa\u00e7\u00f5es que envolverem pagamento, seja por cart\u00e3o de cr\u00e9dito ou n\u00e3o, estar\u00e3o criptografadas com a tecnologia SSL (<em>Secure Socket Layer<\/em>). Isso significa que s\u00f3 a loja tem acesso a suas informa\u00e7\u00f5es pessoais e mais ningu\u00e9m. Quando voc\u00ea preenche os dados e nos envia, eles s\u00e3o criptografados, o que faz com que, durante o trajeto pela Internet, fiquem irreconhec\u00edveis, assegurando a confidencialidade. Verifique, abaixo, um resumo dos nossos certificados de seguran\u00e7a:<\/p>\n<h3><strong>Certificados de seguran\u00e7a<\/strong><\/h3>\n<p><!--SELO GOOGLE SAFE BROWSING: O Google \u00e9 a maior empresa de pesquisas e tecnologia do mundo. A empresa possui um sistema de avalia\u00e7\u00e3o de navega\u00e7\u00e3o segura, examinando bilh\u00f5es de websites diariamente. Ao realizar a inspe\u00e7\u00e3o di\u00e1ria de nosso website, o Google atesta que o mesmo \u00e9 seguro para navega\u00e7\u00e3o e nos concede o seu selo de seguran\u00e7a que consta no rodap\u00e9 da p\u00e1gina. Clique no selo para que o Google fa\u00e7a a verifica\u00e7\u00e3o agora.--><\/p>\n<p>CERTIFICADO SSL: O certificado digital SSL \u00e9 o n\u00edvel de seguran\u00e7a mais alto e obrigat\u00f3rio para todos os sites que realizam transmiss\u00e3o de dados, como, por exemplo, nos e-commerces que solicitam informa\u00e7\u00f5es sens\u00edveis aos clientes, como e-mail e dados do cart\u00e3o de cr\u00e9dito. Esse certificado pode ser verificado pelo cadeado verde na barra de navega\u00e7\u00e3o que atesta que o site protege as informa\u00e7\u00f5es que s\u00e3o enviadas pelos clientes por meio de criptografia de dados, o que praticamente elimina a possibilidade de intercepta\u00e7\u00e3o de dados. Sites seguros s\u00e3o acessados pelo prefixo HTTPS, os sites que possuem acesso apenas pelo prefixo HTTP n\u00e3o s\u00e3o seguros e n\u00e3o criptografam as informa\u00e7\u00f5es. Confira o cadeado verde e o prefixo HTTPS no seu navegador e verifique o nosso selo de Certificado SSL no rodap\u00e9 da p\u00e1gina.<\/p>\n<h3><strong>Mais informa\u00e7\u00f5es<\/strong><\/h3>\n<p>Esperemos que esteja esclarecido e, como mencionado anteriormente, se houver algo que voc\u00ea n\u00e3o tem certeza se precisa ou n\u00e3o, geralmente \u00e9 mais seguro deixar os cookies ativados, caso interaja com um dos recursos que voc\u00ea usa em nosso site.<\/p>\n<p>[\/et_pb_text][\/et_pb_column][\/et_pb_row][\/et_pb_section]<\/p>\n","protected":false},"excerpt":{"rendered":"<p>POL\u00cdTICA DE PRIVACIDADE DE DADOS A Loja\u00a0Rio Day Equipamentos\u00a0se compromete com a seguran\u00e7a de seus dados e \u00e9 claro que aqui na nossa loja oficial n\u00e3o \u00e9 diferente. Mantemos suas informa\u00e7\u00f5es no mais absoluto sigilo! Priorizamos a privacidade e a seguran\u00e7a de nossos clientes durante todo o processo de navega\u00e7\u00e3o e compra pelo site. Todos [&hellip;]<\/p>\n","protected":false},"author":1,"featured_media":0,"parent":0,"menu_order":0,"comment_status":"closed","ping_status":"open","template":"","meta":{"_et_pb_use_builder":"on","_et_pb_old_content":"","_et_gb_content_width":"","footnotes":""},"aioseo_notices":[],"_links":{"self":[{"href":"https:\/\/rioday.com.br\/site\/wp-json\/wp\/v2\/pages\/3"}],"collection":[{"href":"https:\/\/rioday.com.br\/site\/wp-json\/wp\/v2\/pages"}],"about":[{"href":"https:\/\/rioday.com.br\/site\/wp-json\/wp\/v2\/types\/page"}],"author":[{"embeddable":true,"href":"https:\/\/rioday.com.br\/site\/wp-json\/wp\/v2\/users\/1"}],"replies":[{"embeddable":true,"href":"https:\/\/rioday.com.br\/site\/wp-json\/wp\/v2\/comments?post=3"}],"version-history":[{"count":8,"href":"https:\/\/rioday.com.br\/site\/wp-json\/wp\/v2\/pages\/3\/revisions"}],"predecessor-version":[{"id":2498,"href":"https:\/\/rioday.com.br\/site\/wp-json\/wp\/v2\/pages\/3\/revisions\/2498"}],"wp:attachment":[{"href":"https:\/\/rioday.com.br\/site\/wp-json\/wp\/v2\/media?parent=3"}],"curies":[{"name":"wp","href":"https:\/\/api.w.org\/{rel}","templated":true}]}}