{"id":105,"date":"2020-07-08T20:02:07","date_gmt":"2020-07-08T23:02:07","guid":{"rendered":"https:\/\/rioday.com.br\/site\/?post_type=product&#038;p=105"},"modified":"2025-09-16T16:21:51","modified_gmt":"2025-09-16T19:21:51","slug":"chapa-bifeteira-vulcan-vcrg36","status":"publish","type":"product","link":"https:\/\/rioday.com.br\/site\/p\/chapa-bifeteira-vulcan-vcrg36\/","title":{"rendered":"Chapa Bifeteira Vulcan VCRG36"},"content":{"rendered":"<p>A Chapa Bifeteira Vulcan garante resultados extraordin\u00e1rios, pois distribui de forma uniforme e constante o calor na superf\u00edcie, permitindo maior produtividade em menor tempo<\/p>\n<p><iframe loading=\"lazy\" src=\"https:\/\/www.youtube.com\/embed\/FqxxMbbM5uQ\" width=\"560\" height=\"315\" frameborder=\"0\" allowfullscreen=\"allowfullscreen\"><\/iframe><\/p>\n<ul>\n<li>Acabamento externo em a\u00e7o inoxid\u00e1vel.<\/li>\n<li>3 queimadores em alum\u00ednio em formato \u201cU\u201d para ampla cobertura.<\/li>\n<li>P\u00e9s niveladores ajust\u00e1veis de 100 mm de altura.<\/li>\n<li>Amplo compartimento de recolhimento de gordura localizada na base lateral esquerda, de aproximadamente 4 litros.<\/li>\n<li>Controles manuais de temperatura por se\u00e7\u00e3o.<\/li>\n<\/ul>\n<h2><strong>BENEF\u00cdCIOS E DIFERENCIAIS<\/strong><\/h2>\n<ul>\n<li>Acabamento externo em a\u00e7o inoxid\u00e1vel. 3 queimadores em alum\u00ednio em formato \u201cU\u201d para ampla cobertura.<\/li>\n<li>F\u00e1cil limpeza: acabamento externo em a\u00e7o inoxid\u00e1vel.<\/li>\n<li>Manter nas duas laterais e no fundo da grelha espa\u00e7o livre m\u00ednimo de 152 mm.<\/li>\n<li>Requer coifa ou sistema de exaust\u00e3o adequado \u00e0s normas vigentes.<\/li>\n<li>Conex\u00e3o de g\u00e1s na parte traseira (\u00e0 direita) de \u00be\u201d (19 mm).<\/li>\n<\/ul>\n<h3><strong>ESPECIFICA\u00c7\u00d5ES T\u00c9CNICAS<\/strong><\/h3>\n<ul>\n<li>Altura de trabalho (cm) 31,7<\/li>\n<li>Largura (cm) 91<\/li>\n<li>Profundidade (cm) 69<\/li>\n<li>Peso Bruto (Kg) 130<\/li>\n<li>Sistema\/Voltagem G\u00e1s<\/li>\n<li>Quantidade de Queimadores 3<\/li>\n<\/ul>\n","protected":false},"excerpt":{"rendered":"<p>A Chapa Bifeteira Vulcan garante resultados extraordin\u00e1rios, pois distribui de forma uniforme e constante o calor na superf\u00edcie, permitindo maior produtividade em menor tempo<\/p>\n","protected":false},"featured_media":100,"template":"","meta":{"_et_pb_use_builder":"","_et_pb_old_content":"","_et_gb_content_width":""},"product_cat":[18],"product_tag":[],"aioseo_notices":[],"_links":{"self":[{"href":"https:\/\/rioday.com.br\/site\/wp-json\/wp\/v2\/product\/105"}],"collection":[{"href":"https:\/\/rioday.com.br\/site\/wp-json\/wp\/v2\/product"}],"about":[{"href":"https:\/\/rioday.com.br\/site\/wp-json\/wp\/v2\/types\/product"}],"wp:featuredmedia":[{"embeddable":true,"href":"https:\/\/rioday.com.br\/site\/wp-json\/wp\/v2\/media\/100"}],"wp:attachment":[{"href":"https:\/\/rioday.com.br\/site\/wp-json\/wp\/v2\/media?parent=105"}],"wp:term":[{"taxonomy":"product_cat","embeddable":true,"href":"https:\/\/rioday.com.br\/site\/wp-json\/wp\/v2\/product_cat?post=105"},{"taxonomy":"product_tag","embeddable":true,"href":"https:\/\/rioday.com.br\/site\/wp-json\/wp\/v2\/product_tag?post=105"}],"curies":[{"name":"wp","href":"https:\/\/api.w.org\/{rel}","templated":true}]}}