{"id":108,"date":"2020-07-05T20:08:42","date_gmt":"2020-07-05T23:08:42","guid":{"rendered":"https:\/\/rioday.com.br\/site\/?post_type=product&#038;p=108"},"modified":"2025-09-22T14:42:19","modified_gmt":"2025-09-22T17:42:19","slug":"fritadeira-lg-300","status":"publish","type":"product","link":"https:\/\/rioday.com.br\/site\/p\/fritadeira-lg-300\/","title":{"rendered":"Fritadeira a G\u00e1s Vulcan LG 300"},"content":{"rendered":"<h2><strong>FRITADEIRA A G\u00c1S VULCAN LG300<\/strong><\/h2>\n<p>Para frituras saborosas e \u201csequinhas\u201d, a Fritadeira a G\u00e1s Vulcan LG 300 \u00e9 um projeto inovador. Perfeita para alimentos preparados atrav\u00e9s de imers\u00e3o em \u00f3leo, s\u00e3o recomendadas pelas maiores e mais importantes redes de restaurantes e fast foods nacionais e internacionais.<\/p>\n<p><iframe loading=\"lazy\" src=\"https:\/\/www.youtube.com\/embed\/oQyfZ6zj2zE\" width=\"560\" height=\"315\" frameborder=\"0\" allowfullscreen=\"allowfullscreen\"><\/iframe><\/p>\n<p>Com queimadores de alta pot\u00eancia que proporcionam r\u00e1pida recupera\u00e7\u00e3o de temperatura, a Fritadeira Vulcan LG 300 \u00e9 essencial para frituras com qualidade.<\/p>\n<h2><strong>Fritadeira Vulcan &#8211; Detalhes Importantes<\/strong><\/h2>\n<ul>\n<li>CAPACIDADE 30 Kg batata (pr\u00e9-frita congelada) por hora.<\/li>\n<li>Sistema zona fria prolonga a vida \u00fatil do \u00f3leo.<\/li>\n<li>Dois termostatos para maior seguran\u00e7a.<\/li>\n<\/ul>\n<h2><strong>Fritadeira a G\u00e1s Vulcan LG 300 &#8211; Benef\u00edcios e Diferenciais<\/strong><\/h2>\n<ul>\n<li>R\u00e1pida recupera\u00e7\u00e3o de temperatura: 90.000 BTU de pot\u00eancia calor\u00edfica.<\/li>\n<li>Seguran\u00e7a: n\u00e3o utiliza \u00e1gua no processo e possui v\u00e1lvula reguladora de vaz\u00e3o e press\u00e3o standard.<\/li>\n<li>Recomenda-se filtragem di\u00e1ria do \u00f3leo e a redu\u00e7\u00e3o da temperatura de fritura em momentos de pouco movimento ou ociosidade.<\/li>\n<li>A chama-piloto deve ser desligada ap\u00f3s per\u00edodo de uso.<\/li>\n<\/ul>\n<h2><strong>Material de Fabrica\u00e7\u00e3o Fritadeira Vulcan LG300<\/strong><\/h2>\n<ul>\n<li>Cestos robustos e tanque em a\u00e7o inoxid\u00e1vel para f\u00e1cil limpeza di\u00e1ria.<\/li>\n<\/ul>\n<p>Kit de instala\u00e7\u00e3o opcional.<\/p>\n","protected":false},"excerpt":{"rendered":"<p>Para frituras saborosas e \u201csequinhas\u201d, a <strong>fritadeira a g\u00e1s Vulcan LG 300<\/strong> \u00e9 um projeto inovador. Perfeita para alimentos preparados atrav\u00e9s de imers\u00e3o em \u00f3leo, s\u00e3o recomendadas pelas maiores e mais importantes redes de restaurantes e fast foods<\/p>\n","protected":false},"featured_media":3524,"template":"","meta":{"_et_pb_use_builder":"","_et_pb_old_content":"","_et_gb_content_width":""},"product_cat":[18,155,133],"product_tag":[209],"aioseo_notices":[],"_links":{"self":[{"href":"https:\/\/rioday.com.br\/site\/wp-json\/wp\/v2\/product\/108"}],"collection":[{"href":"https:\/\/rioday.com.br\/site\/wp-json\/wp\/v2\/product"}],"about":[{"href":"https:\/\/rioday.com.br\/site\/wp-json\/wp\/v2\/types\/product"}],"wp:featuredmedia":[{"embeddable":true,"href":"https:\/\/rioday.com.br\/site\/wp-json\/wp\/v2\/media\/3524"}],"wp:attachment":[{"href":"https:\/\/rioday.com.br\/site\/wp-json\/wp\/v2\/media?parent=108"}],"wp:term":[{"taxonomy":"product_cat","embeddable":true,"href":"https:\/\/rioday.com.br\/site\/wp-json\/wp\/v2\/product_cat?post=108"},{"taxonomy":"product_tag","embeddable":true,"href":"https:\/\/rioday.com.br\/site\/wp-json\/wp\/v2\/product_tag?post=108"}],"curies":[{"name":"wp","href":"https:\/\/api.w.org\/{rel}","templated":true}]}}