{"id":109,"date":"2020-07-06T14:11:56","date_gmt":"2020-07-06T17:11:56","guid":{"rendered":"https:\/\/rioday.com.br\/site\/?post_type=product&#038;p=109"},"modified":"2025-09-17T14:50:03","modified_gmt":"2025-09-17T17:50:03","slug":"chair-broiler-vulcan-vcrb36","status":"publish","type":"product","link":"https:\/\/rioday.com.br\/site\/p\/chair-broiler-vulcan-vcrb36\/","title":{"rendered":"Char Broiler Vulcan VCRB36 &#8211; Chapa Grelha"},"content":{"rendered":"<h2>Char Broiler Vulcan VCRB36 Chapa Grelha<\/h2>\n<p>O Chair Broiler Vulcan conta com design inovador e acabamento detalhado, corpo inoxid\u00e1vel, queimadores em alum\u00ednio e grelha em ferro fundido que garante maior durabilidade e robustez.<\/p>\n<p><iframe loading=\"lazy\" src=\"https:\/\/www.youtube.com\/embed\/wRiBq73S3b4\" width=\"560\" height=\"315\" frameborder=\"0\" allowfullscreen=\"allowfullscreen\"><\/iframe><\/p>\n<p>Possui p\u00e9s niveladores ajust\u00e1veis de 100 mm de altura, compartimento de gordura dispon\u00edvel em todo comprimento (base) do equipamento e grelhas radiantes de alta reten\u00e7\u00e3o de calor.<\/p>\n<p>Modelo com controles manuais de temperatura por se\u00e7\u00e3o e igni\u00e7\u00e3o por chama pilotos.<\/p>\n<h2><strong>BENEF\u00cdCIOS E DIFERENCIAIS<\/strong><\/h2>\n<ul>\n<li>Acabamento externo em a\u00e7o inoxid\u00e1vel.<\/li>\n<li>Queimadores em alum\u00ednio em formato \u201cI\u201d para ampla cobertura.<\/li>\n<li>Grelhas radiantes de temperatura constru\u00eddas em ferro fundido.<\/li>\n<li>Podem ser revers\u00edveis para alterar o n\u00edvel ou grelhar em posi\u00e7\u00e3o inclinada. A largura de cada grelha \u00e9 de 133 mm para remo\u00e7\u00e3o e limpeza di\u00e1ria.<\/li>\n<li>Compartimento de gordura dispon\u00edvel em todo comprimento do Char Broiler, na base.<\/li>\n<li>Controles manuais de temperatura por se\u00e7\u00e3o.<\/li>\n<li>Igni\u00e7\u00e3o por chama piloto.<\/li>\n<li>Aten\u00e7\u00e3o: Requer a instala\u00e7\u00e3o da v\u00e1lvula reguladora de press\u00e3o de g\u00e1s.<\/li>\n<li>Manter nas duas laterais e no fundo do Broiler espa\u00e7o livre m\u00ednimo de 152 mm.<\/li>\n<li>Requer coifa ou sistema de exaust\u00e3o adequado \u00e0s normas vigentes.<\/li>\n<\/ul>\n<p>Conex\u00e3o de g\u00e1s na parte traseira (\u00e0 direita) de \u00be\u2019\u2019 (19 mm).<\/p>\n<p>Chapa Grelha Vulcan<\/p>\n","protected":false},"excerpt":{"rendered":"<p>O Chair Broiler Vulcan conta com design inovador e acabamento detalhado, corpo inoxid\u00e1vel, queimadores em alum\u00ednio e grelha em ferro fundido que garante maior durabilidade e robustez.<\/p>\n","protected":false},"featured_media":98,"template":"","meta":{"_et_pb_use_builder":"","_et_pb_old_content":"","_et_gb_content_width":""},"product_cat":[205,206,18,133],"product_tag":[],"aioseo_notices":[],"_links":{"self":[{"href":"https:\/\/rioday.com.br\/site\/wp-json\/wp\/v2\/product\/109"}],"collection":[{"href":"https:\/\/rioday.com.br\/site\/wp-json\/wp\/v2\/product"}],"about":[{"href":"https:\/\/rioday.com.br\/site\/wp-json\/wp\/v2\/types\/product"}],"wp:featuredmedia":[{"embeddable":true,"href":"https:\/\/rioday.com.br\/site\/wp-json\/wp\/v2\/media\/98"}],"wp:attachment":[{"href":"https:\/\/rioday.com.br\/site\/wp-json\/wp\/v2\/media?parent=109"}],"wp:term":[{"taxonomy":"product_cat","embeddable":true,"href":"https:\/\/rioday.com.br\/site\/wp-json\/wp\/v2\/product_cat?post=109"},{"taxonomy":"product_tag","embeddable":true,"href":"https:\/\/rioday.com.br\/site\/wp-json\/wp\/v2\/product_tag?post=109"}],"curies":[{"name":"wp","href":"https:\/\/api.w.org\/{rel}","templated":true}]}}