{"id":1482,"date":"2019-08-20T15:57:00","date_gmt":"2019-08-20T18:57:00","guid":{"rendered":"https:\/\/rioday.com.br\/site\/?post_type=product&#038;p=1482"},"modified":"2020-07-01T14:13:40","modified_gmt":"2020-07-01T17:13:40","slug":"refrigerador-vertical-expositor-fricon-vcfm-402-v","status":"publish","type":"product","link":"https:\/\/rioday.com.br\/site\/p\/refrigerador-vertical-expositor-fricon-vcfm-402-v\/","title":{"rendered":"Refrigerador vertical expositor \u2013 Fricon VCFM 402 V"},"content":{"rendered":"<p>Refrigerador vertical expositor \u2013 Fricon VCFM 402 V<\/p>\n<p>Conserva\u00e7\u00e3o de bebidas, resfriados e Latic\u00ednios (\u00e1gua, mate, iogurte, isot\u00f4nico, suco, refrigerante e energ\u00e9tico)<\/p>\n<p>Refrigera\u00e7\u00e3o for\u00e7ada<\/p>\n<p>Moldura com corte t\u00e9rmico, proporcionando maior efici\u00eancia energ\u00e9tica<\/p>\n<p>Chapas internas e externas em a\u00e7o galvanizado pr\u00e9-pintado com alta resist\u00eancia a corros\u00e3o<\/p>\n<p>Porta de vidro duplo temperado baixo emissivo, fechamento autom\u00e1tico e magnetizado com puxador ergon\u00f4mico<\/p>\n<p>Isolamento de poliuretano ecologicamente correto<\/p>\n<p>Sistema de unidade condensadora remov\u00edvel para frente (f\u00e1cil acesso a manuten\u00e7\u00e3o)<\/p>\n<p>Frost Free<\/p>\n<p>Termostato ajust\u00e1vel para m\u00e9dia temperatura.<\/p>\n<p>Sistema de p\u00e9s niveladores<\/p>\n<p>Barra de tor\u00e7\u00e3o com exclusivo sistema Stop Inteligente e fechamento autom\u00e1tico da porta<\/p>\n<p>Sistema de ilumina\u00e7\u00e3o em LED<\/p>\n<p>4 prateleiras ajust\u00e1veis com pintura plastificada<\/p>\n<p>Grade frontal pl\u00e1stica<\/p>\n<p>Temperatura de opera\u00e7\u00e3o de 35\u00baC \/ 75% de umidade relativa do ar<\/p>\n<hr \/>\n<p>Capacidade 402L<\/p>\n<p>Medidas (LxAxP) 667 x 1785 x 665mm<\/p>\n<p>Temperatura: +2 \u00e0 +8 \u00b0C<\/p>\n","protected":false},"excerpt":{"rendered":"<p>Conserva\u00e7\u00e3o de bebidas, resfriados e Latic\u00ednios (\u00e1gua, mate, iogurte, isot\u00f4nico, suco, refrigerante e energ\u00e9tico)<\/p>\n","protected":false},"featured_media":1480,"template":"","meta":{"_et_pb_use_builder":"","_et_pb_old_content":"","_et_gb_content_width":""},"product_cat":[127,25],"product_tag":[],"aioseo_notices":[],"_links":{"self":[{"href":"https:\/\/rioday.com.br\/site\/wp-json\/wp\/v2\/product\/1482"}],"collection":[{"href":"https:\/\/rioday.com.br\/site\/wp-json\/wp\/v2\/product"}],"about":[{"href":"https:\/\/rioday.com.br\/site\/wp-json\/wp\/v2\/types\/product"}],"wp:featuredmedia":[{"embeddable":true,"href":"https:\/\/rioday.com.br\/site\/wp-json\/wp\/v2\/media\/1480"}],"wp:attachment":[{"href":"https:\/\/rioday.com.br\/site\/wp-json\/wp\/v2\/media?parent=1482"}],"wp:term":[{"taxonomy":"product_cat","embeddable":true,"href":"https:\/\/rioday.com.br\/site\/wp-json\/wp\/v2\/product_cat?post=1482"},{"taxonomy":"product_tag","embeddable":true,"href":"https:\/\/rioday.com.br\/site\/wp-json\/wp\/v2\/product_tag?post=1482"}],"curies":[{"name":"wp","href":"https:\/\/api.w.org\/{rel}","templated":true}]}}