{"id":1484,"date":"2019-08-20T16:07:31","date_gmt":"2019-08-20T19:07:31","guid":{"rendered":"https:\/\/rioday.com.br\/site\/?post_type=product&#038;p=1484"},"modified":"2020-07-01T14:12:43","modified_gmt":"2020-07-01T17:12:43","slug":"refrigerador-vertical-inox-krbr-2pd","status":"publish","type":"product","link":"https:\/\/rioday.com.br\/site\/p\/refrigerador-vertical-inox-krbr-2pd\/","title":{"rendered":"Refrigerador vertical inox \u2013 KRBR \u2013 2PD"},"content":{"rendered":"<p>Refrigerador vertical inox \u2013 KRBR \u2013 2PD<\/p>\n<p>Isolamento 100% em poliuretano<\/p>\n<p>Revestimento externo em Inox Escovado<\/p>\n<p>Revestimento interno\u00a0em Inox<\/p>\n<p>Sistema de ar for\u00e7ado (Frost Free), ecol\u00f3gico e econ\u00f4mico<\/p>\n<p>Portas com sistema anti-transpirante e puxadores embutidos<\/p>\n<p>Prateleiras regul\u00e1veis pintadas em ep\u00f3xi<\/p>\n<p>P\u00e9s em nylon regul\u00e1veis<\/p>\n<p>Controle de temperatura Digital<\/p>\n<p>Consumo m\u00e9dio de 215 Kw\/M\u00eas<\/p>\n<p>Dimens\u00f5es 660 x 620 x 2000 mm<\/p>\n<p>Peso de 64 Kgs<\/p>\n","protected":false},"excerpt":{"rendered":"<p>Isolamento 100% em poliuretano. Revestimento externo em Inox Escovado. Sistema de ar for\u00e7ado (Frost Free), ecol\u00f3gico e econ\u00f4mico<\/p>\n","protected":false},"featured_media":1485,"template":"","meta":{"_et_pb_use_builder":"","_et_pb_old_content":"","_et_gb_content_width":""},"product_cat":[25],"product_tag":[],"aioseo_notices":[],"_links":{"self":[{"href":"https:\/\/rioday.com.br\/site\/wp-json\/wp\/v2\/product\/1484"}],"collection":[{"href":"https:\/\/rioday.com.br\/site\/wp-json\/wp\/v2\/product"}],"about":[{"href":"https:\/\/rioday.com.br\/site\/wp-json\/wp\/v2\/types\/product"}],"wp:featuredmedia":[{"embeddable":true,"href":"https:\/\/rioday.com.br\/site\/wp-json\/wp\/v2\/media\/1485"}],"wp:attachment":[{"href":"https:\/\/rioday.com.br\/site\/wp-json\/wp\/v2\/media?parent=1484"}],"wp:term":[{"taxonomy":"product_cat","embeddable":true,"href":"https:\/\/rioday.com.br\/site\/wp-json\/wp\/v2\/product_cat?post=1484"},{"taxonomy":"product_tag","embeddable":true,"href":"https:\/\/rioday.com.br\/site\/wp-json\/wp\/v2\/product_tag?post=1484"}],"curies":[{"name":"wp","href":"https:\/\/api.w.org\/{rel}","templated":true}]}}