{"id":1641,"date":"2020-03-12T09:59:15","date_gmt":"2020-03-12T12:59:15","guid":{"rendered":"https:\/\/rioday.com.br\/site\/?post_type=product&#038;p=1641"},"modified":"2025-09-22T14:53:00","modified_gmt":"2025-09-22T17:53:00","slug":"hotplate-a-gas-vulcan-vcrh12-2-queimadores","status":"publish","type":"product","link":"https:\/\/rioday.com.br\/site\/p\/hotplate-a-gas-vulcan-vcrh12-2-queimadores\/","title":{"rendered":"Fog\u00e3o de Bancada &#8211; Hotplate a G\u00e1s Vulcan VCRH12 &#8211; 2 Queimadores"},"content":{"rendered":"<h2>Fog\u00e3o de Bancada &#8211; Hotplate a G\u00e1s Vulcan VCRH12 &#8211; 2 Queimadores<\/h2>\n<p>F\u00e1cil de limpar e conservar, \u00e9 desenvolvido para uso frequente.<\/p>\n<p>Um total de dois queimadores de 25.000 BTU cada, de alto desempenho garantem a m\u00e1xima distribui\u00e7\u00e3o e controle de calor, enquanto a frente, os lados e a parte superior<\/p>\n<p><iframe loading=\"lazy\" src=\"https:\/\/www.youtube.com\/embed\/D3sETSGyWi0\" width=\"560\" height=\"315\" frameborder=\"0\" allowfullscreen=\"allowfullscreen\"><\/iframe><\/p>\n<p>O Hotplate a G\u00e1s Vulcan \u00e9 fabricado em a\u00e7o inoxid\u00e1vel proporcionando ao produto um exterior atraente e f\u00e1cil de limpar; de ferro fundido para servi\u00e7os pesados para reter o calor e capitalizar a efici\u00eancia.<\/p>\n<h3>CARACTER\u00cdSTICAS | Hotplate a G\u00e1s Vulcan VCRH12:<\/h3>\n<ul>\n<li>Acabamento externo em a\u00e7o inoxid\u00e1vel. 2 bocas queimadoras em ferro<br \/>\nfundido.<\/li>\n<li>P\u00e9s niveladores ajust\u00e1veis de 100 mm de altura.<\/li>\n<li>Compartimento de gordura dispon\u00edvel em todo comprimento do fog\u00e3o, na<br \/>\nbase.<\/li>\n<li>Controle manual de temperatura por boca queimadora .<\/li>\n<li>Igni\u00e7\u00e3o por chama piloto.<\/li>\n<\/ul>\n<h3>DIMENS\u00d5ES EXTERNAS (mm):<\/h3>\n<ul>\n<li>Comprimento: 310<\/li>\n<li>Profundidade: 745<\/li>\n<li>Altura (com p\u00e9s): 338<\/li>\n<li>Altura de trabalho: 330<br \/>\nPot\u00eancia (BTU\/h): 50.000<\/li>\n<\/ul>\n<h3>PESOS (Kg):<\/h3>\n<p>L\u00edquido: 53<br \/>\nBruto: 63<\/p>\n<h3>Aten\u00e7\u00e3o:<\/h3>\n<ul>\n<li>Requer a instala\u00e7\u00e3o da v\u00e1lvula reguladora de press\u00e3o de g\u00e1s.\n<ul>\n<li>Natural: 102 mm W.C<\/li>\n<li>GLP: 254 mm W.C<\/li>\n<\/ul>\n<\/li>\n<\/ul>\n<ul>\n<li>Manter nas duas laterais e no fundo do Hotplate espa\u00e7o livre m\u00ednimo de 152<br \/>\nmm.<\/li>\n<li>Requer coifa ou sistema de exaust\u00e3o adequado \u00e0s normas vigentes.<\/li>\n<li>Conex\u00e3o de g\u00e1s na parte traseira (\u00e0 direita) de \u00be\u2019\u2019 (19 mm).<\/li>\n<\/ul>\n<h3>Fabricante:<\/h3>\n<p>Hobart<br \/>\nHotplate a G\u00e1s Vulcan VCRH12 &#8211; 2 Queimadores<\/p>\n<h3>GARANTIA<\/h3>\n<p><em>12 meses de garantia a partir da emiss\u00e3o da Nota Fiscal.<\/em><\/p>\n<p><em>\u00a0<\/em><\/p>\n","protected":false},"excerpt":{"rendered":"<p>Esse equipamento conta com controles independentes de chama. O Hotplate Vulcan apresenta excelente performance e \u00e9 ideal para espa\u00e7os pequenos e para sobrepor.<\/p>\n","protected":false},"featured_media":1642,"template":"","meta":{"_et_pb_use_builder":"","_et_pb_old_content":"","_et_gb_content_width":""},"product_cat":[18,165,203,133],"product_tag":[204],"aioseo_notices":[],"_links":{"self":[{"href":"https:\/\/rioday.com.br\/site\/wp-json\/wp\/v2\/product\/1641"}],"collection":[{"href":"https:\/\/rioday.com.br\/site\/wp-json\/wp\/v2\/product"}],"about":[{"href":"https:\/\/rioday.com.br\/site\/wp-json\/wp\/v2\/types\/product"}],"wp:featuredmedia":[{"embeddable":true,"href":"https:\/\/rioday.com.br\/site\/wp-json\/wp\/v2\/media\/1642"}],"wp:attachment":[{"href":"https:\/\/rioday.com.br\/site\/wp-json\/wp\/v2\/media?parent=1641"}],"wp:term":[{"taxonomy":"product_cat","embeddable":true,"href":"https:\/\/rioday.com.br\/site\/wp-json\/wp\/v2\/product_cat?post=1641"},{"taxonomy":"product_tag","embeddable":true,"href":"https:\/\/rioday.com.br\/site\/wp-json\/wp\/v2\/product_tag?post=1641"}],"curies":[{"name":"wp","href":"https:\/\/api.w.org\/{rel}","templated":true}]}}