{"id":1648,"date":"2020-03-12T10:45:51","date_gmt":"2020-03-12T13:45:51","guid":{"rendered":"https:\/\/rioday.com.br\/site\/?post_type=product&#038;p=1648"},"modified":"2025-09-22T14:48:45","modified_gmt":"2025-09-22T17:48:45","slug":"hotplate-a-gas-vulcan-vcrh36","status":"publish","type":"product","link":"https:\/\/rioday.com.br\/site\/p\/hotplate-a-gas-vulcan-vcrh36\/","title":{"rendered":"Fog\u00e3o de Bancada Hotplate a G\u00e1s Vulcan 6 Queimadores"},"content":{"rendered":"<h2>Fog\u00e3o de Bancada Hotplate a G\u00e1s Vulcan 6 Queimadores VCRH36<\/h2>\n<p class=\"p2\">O Hotplate Vulcan VCRH36 \u00e9 de f\u00e1cil de limpeza e conserva\u00e7\u00e3o, foi desenvolvido para uso frequente e apresenta excelente performance; ideal para espa\u00e7os pequenos e para sobrepor. Conta com controles independentes de chama e acabamento externo em a\u00e7o inox.<\/p>\n<p><iframe loading=\"lazy\" src=\"https:\/\/www.youtube.com\/embed\/D3sETSGyWi0\" width=\"560\" height=\"315\" frameborder=\"0\" allowfullscreen=\"allowfullscreen\"><\/iframe><\/p>\n<h3>BENEF\u00cdCIOS E DIFERENCIAIS:<\/h3>\n<ul>\n<li>Acabamento externo em a\u00e7o inoxid\u00e1vel.<\/li>\n<li>6 bocas queimadoras em ferro fundido.<\/li>\n<li>P\u00e9s niveladores ajust\u00e1veis de 100 mm de altura.<\/li>\n<li>Compartimento de gordura dispon\u00edvel em todo comprimento do fog\u00e3o, na base.<\/li>\n<li>Controle manual de temperatura por boca queimadora. Igni\u00e7\u00e3o por chama piloto.<\/li>\n<\/ul>\n<div id=\"saibamais\">\n<h3>DIMENS\u00d5ES EXTERNAS (mm):<\/h3>\n<ul>\n<li>Comprimento: 915<\/li>\n<li>Profundidade: 744<\/li>\n<li>Altura (com p\u00e9s): 338<\/li>\n<li>Altura de trabalho: 330<br \/>\nPot\u00eancia (BTU\/h): 150.000<\/li>\n<\/ul>\n<h3>PESOS (Kg):<\/h3>\n<ul>\n<li>L\u00edquido: 113<\/li>\n<li>Bruto: 123<\/li>\n<\/ul>\n<h3>ATEN\u00c7\u00c3O:<\/h3>\n<ul>\n<li>Manter nas duas laterais e no fundo da grelha espa\u00e7o livre m\u00ednimo de 152 mm.<\/li>\n<li>Requer coifa ou sistema de exaust\u00e3o adequado \u00e0s normas vigentes.<\/li>\n<li>Conex\u00e3o de g\u00e1s na parte traseira (\u00e0 direita) de \u00be\u201d (19 mm).<\/li>\n<li>Requer a instala\u00e7\u00e3o da v\u00e1lvula reguladora de press\u00e3o de g\u00e1s.<\/li>\n<\/ul>\n<h3>GARANTIA:<\/h3>\n<p><em>12 meses de garantia a partir da emiss\u00e3o da Nota Fiscal.<\/em><\/p>\n<h3>Fabricante:<\/h3>\n<p>Vulcan;<br \/>\nHotplate Vulcan VCRH36;<br \/>\nProduto Novo.<\/p>\n<\/div>\n","protected":false},"excerpt":{"rendered":"<p>O <strong>Hotplate Vulcan VCRH36<\/strong> \u00e9 de f\u00e1cil de limpeza e conserva\u00e7\u00e3o, foi desenvolvido para uso frequente e apresenta excelente performance; ideal para espa\u00e7os pequenos e para sobrepor.<\/p>\n","protected":false},"featured_media":1649,"template":"","meta":{"_et_pb_use_builder":"","_et_pb_old_content":"","_et_gb_content_width":""},"product_cat":[18,203,133],"product_tag":[],"aioseo_notices":[],"_links":{"self":[{"href":"https:\/\/rioday.com.br\/site\/wp-json\/wp\/v2\/product\/1648"}],"collection":[{"href":"https:\/\/rioday.com.br\/site\/wp-json\/wp\/v2\/product"}],"about":[{"href":"https:\/\/rioday.com.br\/site\/wp-json\/wp\/v2\/types\/product"}],"wp:featuredmedia":[{"embeddable":true,"href":"https:\/\/rioday.com.br\/site\/wp-json\/wp\/v2\/media\/1649"}],"wp:attachment":[{"href":"https:\/\/rioday.com.br\/site\/wp-json\/wp\/v2\/media?parent=1648"}],"wp:term":[{"taxonomy":"product_cat","embeddable":true,"href":"https:\/\/rioday.com.br\/site\/wp-json\/wp\/v2\/product_cat?post=1648"},{"taxonomy":"product_tag","embeddable":true,"href":"https:\/\/rioday.com.br\/site\/wp-json\/wp\/v2\/product_tag?post=1648"}],"curies":[{"name":"wp","href":"https:\/\/api.w.org\/{rel}","templated":true}]}}