{"id":1785,"date":"2020-07-03T09:42:54","date_gmt":"2020-07-03T12:42:54","guid":{"rendered":"https:\/\/rioday.com.br\/site\/?post_type=product&#038;p=1785"},"modified":"2023-09-01T13:24:12","modified_gmt":"2023-09-01T16:24:12","slug":"balcao-condimentadora-refrigerado-kofisa-3-portas-sem-cubas","status":"publish","type":"product","link":"https:\/\/rioday.com.br\/site\/p\/balcao-condimentadora-refrigerado-kofisa-3-portas-sem-cubas\/","title":{"rendered":"Balc\u00e3o Condimentadora Refrigerado Kofisa 3 portas sem Cubas"},"content":{"rendered":"<h2>Caracter\u00edsticas do Balc\u00e3o Condimentadora Kofisa<\/h2>\n<p>O <strong>Balc\u00e3o Refrigerado Kofisa<\/strong> \u00e9 um excelente produto para cozinhas industriais, hot\u00e9is, pousadas, pizzarias, refeit\u00f3rios, creches, panificadoras, lanchonetes, bares, restaurantes e muito mais&#8230;<\/p>\n<p>Se voc\u00ea est\u00e1 precisando de um Balc\u00e3o condimentador, esse produto pode sim atender suas necessidades com \u00f3tima performance e custo benef\u00edcio, confira as caracter\u00edsticas a seguir:<\/p>\n<ul>\n<li>Sistema de refrigera\u00e7\u00e3o: Ar-for\u00e7ado (Frost Free), ecol\u00f3gico e econ\u00f4mico.<\/li>\n<li>Espelho\/Front\u00e3o de 100 mm<\/li>\n<li>Degelo Autom\u00e1tico<\/li>\n<li>Isolamento t\u00e9rmico 100% injetado em poliuretano de alta densidade<\/li>\n<li>Revestimento externo em A\u00e7o Inox AISI 430 Escovado<\/li>\n<li>Revestimento interno em A\u00e7o Galvanizado ou A\u00e7o Inox AISI 430 Brilhoso<\/li>\n<li>P\u00e9s com regulagem de altura<\/li>\n<li>1 prateleira aramada por porta, regul\u00e1vel e pintadas em ep\u00f3xi branco<\/li>\n<li>Controlador Eletr\u00f4nico digital com indicador de temperatura<\/li>\n<li>G\u00e1s Refrigerante R134a<\/li>\n<li>Capacidade das GN\u2019s: 10 Cubas de 1\/3\u00d7100 mm (N\u00e3o Inclusa)<\/li>\n<li>Opcional: Portas de Vidro e Ilumina\u00e7\u00e3o Interna<\/li>\n<\/ul>\n<p>FABRICANTE: Kofisa<\/p>\n<h2>A Kofisa \u00e9 uma grande empresa de credibilidade indiscut\u00edvel.<\/h2>\n<p>Com qualidade sem igual, o <strong>Balc\u00e3o Condimentadora<\/strong> refrigerado Kofisa 3 portas, \u00e9 produzido com Revestimento externo em A\u00e7o Inox AISI 430 Escovado, melhorando ainda mais suas caracter\u00edsticas, pois d\u00e1 ao produto facilidade de limpeza, beleza e durabilidade.<\/p>\n<p>Com a parte interna fabricada com revestimento em A\u00e7o Galvanizado ou A\u00e7o Inox AISI 430 Brilhoso, o material escolhido faz com que sua limpeza interna seja facilitada e inclusive impede o ac\u00famulo de res\u00edduos diversos de alimentos ou bebidas<\/p>\n<p>Ent\u00e3o, se voc\u00ea estiver pensando em como comprar Balc\u00e3o Condimentadora Refrigerado Kofisa 3 portas sem Cubas, n\u00f3s temos as medidas ideais para voc\u00ea. Confira a Seguir:<\/p>\n<h3>+ Detalhes do Balc\u00e3o Condimentador Kofisa<\/h3>\n<ol>\n<li>DIMENS\u00c3O (FXPXA): 1850 x 0700 x 1320mm<\/li>\n<li>CAPACIDADE BRUTA (L): 577<\/li>\n<li>PESO BRUTO (KG): 98<\/li>\n<li>FREQU\u00caNCIA (HZ): 60Hz<\/li>\n<li>TENS\u00c3O (V): 127 ou 220 (N\u00e3o Bi-volt)<\/li>\n<\/ol>\n","protected":false},"excerpt":{"rendered":"<p>O Balc\u00e3o Condimentadora Refrigerado Kofisa 3 portas sem Cubas \u00e9 ideal para refrigera\u00e7\u00e3o de alimentos e bebidas em geral, que necessitem conserva\u00e7\u00e3o em temperatura de +1\u00b0 a +\u00b07C. Destinado a cozinhas industriais de h\u00f3teis, bares, restaurantes, lanchonetes, refeit\u00f3rios, creches, mercearias, panificadoras, pizzarias e afins.<\/p>\n","protected":false},"featured_media":1787,"template":"","meta":{"_et_pb_use_builder":"","_et_pb_old_content":"","_et_gb_content_width":""},"product_cat":[138,134,25],"product_tag":[135,136],"aioseo_notices":[],"_links":{"self":[{"href":"https:\/\/rioday.com.br\/site\/wp-json\/wp\/v2\/product\/1785"}],"collection":[{"href":"https:\/\/rioday.com.br\/site\/wp-json\/wp\/v2\/product"}],"about":[{"href":"https:\/\/rioday.com.br\/site\/wp-json\/wp\/v2\/types\/product"}],"wp:featuredmedia":[{"embeddable":true,"href":"https:\/\/rioday.com.br\/site\/wp-json\/wp\/v2\/media\/1787"}],"wp:attachment":[{"href":"https:\/\/rioday.com.br\/site\/wp-json\/wp\/v2\/media?parent=1785"}],"wp:term":[{"taxonomy":"product_cat","embeddable":true,"href":"https:\/\/rioday.com.br\/site\/wp-json\/wp\/v2\/product_cat?post=1785"},{"taxonomy":"product_tag","embeddable":true,"href":"https:\/\/rioday.com.br\/site\/wp-json\/wp\/v2\/product_tag?post=1785"}],"curies":[{"name":"wp","href":"https:\/\/api.w.org\/{rel}","templated":true}]}}