{"id":1942,"date":"2020-10-22T13:00:32","date_gmt":"2020-10-22T16:00:32","guid":{"rendered":"https:\/\/rioday.com.br\/site\/?post_type=product&#038;p=1942"},"modified":"2025-09-16T16:09:33","modified_gmt":"2025-09-16T19:09:33","slug":"master-grill-desengordurante-para-limpeza-de-chapa-5-litros","status":"publish","type":"product","link":"https:\/\/rioday.com.br\/site\/p\/master-grill-desengordurante-para-limpeza-de-chapa-5-litros\/","title":{"rendered":"MASTER GRILL desengordurante para limpeza de chapa &#8211; 5 litros"},"content":{"rendered":"<p>MASTER GRILL \u00e9 um detergente desincrustante alcalino para remo\u00e7\u00e3o de gordura carbonizada. Sua composi\u00e7\u00e3o, que une tensoativos a alcalinizantes, \u00e9 extremamente eficiente trazendo alto poder de limpeza, removendo com efici\u00eancia sujidades provenientes de gordura carbonizada em a\u00e7o inoxid\u00e1vel e ferro em \u00e1reas de coc\u00e7\u00e3o.<\/p>\n<h3>MASTER GRILL desengordurante para limpeza de chapas ( Modo de Usar ):<\/h3>\n<p>Limpeza de chapas, fornos e grelhas: Preparar solu\u00e7\u00e3o de MASTER GRILL puro ou dilu\u00eddo at\u00e9 17%, ou seja 1 parte de MASTER GRILL para at\u00e9 5 partes de \u00e1gua. Ex: 200 ml de MASTER GRILL para 1000ml de \u00e1gua. Inicialmente, retire os excessos com aux\u00edlio de esp\u00e1tula fazendo raspagem das incrusta\u00e7\u00f5es.<\/p>\n<p>Aplique a solu\u00e7\u00e3o dilu\u00edda com aux\u00edlio de pulverizador de jato direto. As superf\u00edcies a serem limpas devem estar preferencialmente<br \/>\nmornas (temperatura em torno de 60\u00baC). Esfregar o produto usando uma fibra sint\u00e9tica abrasiva e deixar agir por 5 &#8211; 10<br \/>\nminutos.<\/p>\n<p>Enxaguar com \u00e1gua abundante. Limpeza de fornos combinados: Desligar o forno, abrir a porta e aguardar seu resfriamento at\u00e9 temperatura ambiente.<\/p>\n<p>Aplicar o produto MASTER GRILL puro com aux\u00edlio de pulverizador de jatodireto em toda parte interna. Ligar o forno na fun\u00e7\u00e3o &#8220;vapor&#8221; por 15 minutos.<\/p>\n<p>Ao final, desligar o mesmo e abrir o forno cuidadosamente. Enxaguar bem com \u00e1gua corrente.<br \/>\n<strong>Limpeza por imers\u00e3o:<\/strong> Preparar solu\u00e7\u00e3o de MASTER GRILL at\u00e9 5%, ou seja 1 parte de MASTER GRILL para at\u00e9 20 partes de \u00e1gua.<br \/>\nEx: 50 ml de MASTER GRILL para 1000ml de \u00e1gua. Emergir os equipamentos e deixar o produto agir. Quanto maior o tempo de a\u00e7\u00e3o, mais eficiente \u00e9 a limpeza. Se necess\u00e1rio esfregar com fibras sint\u00e9ticas e em seguida enxaguar com bastante \u00e1gua.<\/p>\n<h3>Como conservar o produto:<\/h3>\n<p>O Detergente desincrustante alcalino Master Grill deve ser mantido em sua embalagem original fechada. Recomenda-se que seja armazenado em ambiente coberto e seco. Evite temperaturas extremas e NUNCA MISTURE PRODUTOS QU\u00cdMICOS A MENOS QUE TAL PROCEDIMENTO SEJAINDICADO PELO FABRICANTE POR ESCRITO.<\/p>\n<h3>Qualidade Master Grill:<\/h3>\n<p>A Rioday Equipamentos comercializa produtos de qualidade, para que todas as caracter\u00edsticas do detergente Master Grill possam ser aproveitadas, siga as instru\u00e7\u00f5es acima para forma adequada de uso de acordo com o fabricante<\/p>\n","protected":false},"excerpt":{"rendered":"<p>MASTER GRILL \u00e9 um detergente desincrustante alcalino para remo\u00e7\u00e3o de gordura carbonizada.<\/p>\n","protected":false},"featured_media":1943,"template":"","meta":{"_et_pb_use_builder":"","_et_pb_old_content":"","_et_gb_content_width":""},"product_cat":[18,21,143],"product_tag":[144,145,146],"aioseo_notices":[],"_links":{"self":[{"href":"https:\/\/rioday.com.br\/site\/wp-json\/wp\/v2\/product\/1942"}],"collection":[{"href":"https:\/\/rioday.com.br\/site\/wp-json\/wp\/v2\/product"}],"about":[{"href":"https:\/\/rioday.com.br\/site\/wp-json\/wp\/v2\/types\/product"}],"wp:featuredmedia":[{"embeddable":true,"href":"https:\/\/rioday.com.br\/site\/wp-json\/wp\/v2\/media\/1943"}],"wp:attachment":[{"href":"https:\/\/rioday.com.br\/site\/wp-json\/wp\/v2\/media?parent=1942"}],"wp:term":[{"taxonomy":"product_cat","embeddable":true,"href":"https:\/\/rioday.com.br\/site\/wp-json\/wp\/v2\/product_cat?post=1942"},{"taxonomy":"product_tag","embeddable":true,"href":"https:\/\/rioday.com.br\/site\/wp-json\/wp\/v2\/product_tag?post=1942"}],"curies":[{"name":"wp","href":"https:\/\/api.w.org\/{rel}","templated":true}]}}