{"id":3400,"date":"2024-05-05T20:10:48","date_gmt":"2024-05-05T23:10:48","guid":{"rendered":"https:\/\/rioday.com.br\/site\/?post_type=product&#038;p=3400"},"modified":"2025-09-16T16:05:08","modified_gmt":"2025-09-16T19:05:08","slug":"maquina-de-lavar-loucas-ecomax-500-fastline-hobart","status":"publish","type":"product","link":"https:\/\/rioday.com.br\/site\/p\/maquina-de-lavar-loucas-ecomax-500-fastline-hobart\/","title":{"rendered":"M\u00e1quina de lavar lou\u00e7as Ecomax 500 Fastline Hobart"},"content":{"rendered":"<p>M\u00e1quina de lavar lou\u00e7as Ecomax 500 Fastline Hobart, possui uma velocidade de lavagem que possibilita lavar at\u00e9 60 gavetas\/h (1.080 pratos\/h);<\/p>\n<h2>Especifica\u00e7\u00f5es T\u00e9cnicas<\/h2>\n<table>\n<thead>\n<tr>\n<th colspan=\"2\">Modelo: ECOMAX 500 Fast Line<\/th>\n<\/tr>\n<\/thead>\n<tbody>\n<tr>\n<td>Alimenta\u00e7\u00e3o<\/td>\n<td>TRIF.+NEUT<\/td>\n<\/tr>\n<tr>\n<td>POT\u00caNCIA (kW)<\/td>\n<td>5,9<\/td>\n<\/tr>\n<tr>\n<td>TENS\u00c3O (V)<\/td>\n<td>380V Trif\u00e1sica<\/td>\n<\/tr>\n<tr>\n<td>CORRENTE NOMINAL (A)<\/td>\n<td>9,0 A<\/td>\n<\/tr>\n<tr>\n<td>DISJUNTOR (A)<\/td>\n<td>10 A<\/td>\n<\/tr>\n<tr>\n<td>SE\u00c7\u00c3O CORD\u00c3O DE ALIMENTA\u00c7\u00c3O<\/td>\n<td>5&#215;2,5mm<\/td>\n<\/tr>\n<tr>\n<td>CONSUMO DE \u00c1GUA (L\/ciclo)<\/td>\n<td>2,0 L\/ciclo<\/td>\n<\/tr>\n<tr>\n<td>CAPACIDADE TANQUE DE LAVAGEM (L)<\/td>\n<td>20 litros<\/td>\n<\/tr>\n<tr>\n<td>CAPACIDADE TANQUE DE ENXAGUE (L)<\/td>\n<td>6 Litros<\/td>\n<\/tr>\n<tr>\n<td>TEMPERATURA DE LAVAGEM (\u00b0C)<\/td>\n<td>60 C<\/td>\n<\/tr>\n<tr>\n<td>TEMPERATURA DE EXAGUE (\u00b0C)<\/td>\n<td>80 C<\/td>\n<\/tr>\n<tr>\n<td>TOMADA STECK<\/td>\n<td>3P+N+T 16A 6h<\/td>\n<\/tr>\n<tr>\n<td><strong>&#8212;&#8212;&#8212;- CAPACIDADE &#8212;&#8212;&#8212;&#8211;<\/strong><\/td>\n<td><\/td>\n<\/tr>\n<tr>\n<td>CAPACIDADE LAVAGEM (gavetas\/hora)<\/td>\n<td>20, 40 ou 60 gavetas\/hora<\/td>\n<\/tr>\n<tr>\n<td>CAPACIDADE LAVAGEM (pratos\/hora)<\/td>\n<td>At\u00e9 1,080 pratos\/hora<\/td>\n<\/tr>\n<tr>\n<td>Consumo El\u00e9trico (kW\/h)<\/td>\n<td>4,7 kWh<\/td>\n<\/tr>\n<tr>\n<td>Dimens\u00e3o externa (AxLxP)<\/td>\n<td>82 x 58 x 61 cm<\/td>\n<\/tr>\n<\/tbody>\n<\/table>\n<p>&nbsp;<\/p>\n<h2>Dimensionamento<\/h2>\n<p><strong>DIMENS\u00c3O EXTERNA PORTA FECHADA<\/strong><\/p>\n<ul>\n<li>Altura (m): \u00a00,82<\/li>\n<li>Largura (m): 0,58<\/li>\n<li>Profundidade (m): 0,61<\/li>\n<li>Peso:62<\/li>\n<\/ul>\n","protected":false},"excerpt":{"rendered":"<p>A<strong> lavadora de lou\u00e7as Ecomax 500 Fastline Hobar<\/strong>t, disp\u00f5e de 3 programas de opera\u00e7\u00e3o ciclo que podem ser facilmente program\u00e1veis pelo operador;<\/p>\n","protected":false},"featured_media":3401,"template":"","meta":{"_et_pb_use_builder":"","_et_pb_old_content":"","_et_gb_content_width":""},"product_cat":[198,21,34,189],"product_tag":[191],"aioseo_notices":[],"_links":{"self":[{"href":"https:\/\/rioday.com.br\/site\/wp-json\/wp\/v2\/product\/3400"}],"collection":[{"href":"https:\/\/rioday.com.br\/site\/wp-json\/wp\/v2\/product"}],"about":[{"href":"https:\/\/rioday.com.br\/site\/wp-json\/wp\/v2\/types\/product"}],"wp:featuredmedia":[{"embeddable":true,"href":"https:\/\/rioday.com.br\/site\/wp-json\/wp\/v2\/media\/3401"}],"wp:attachment":[{"href":"https:\/\/rioday.com.br\/site\/wp-json\/wp\/v2\/media?parent=3400"}],"wp:term":[{"taxonomy":"product_cat","embeddable":true,"href":"https:\/\/rioday.com.br\/site\/wp-json\/wp\/v2\/product_cat?post=3400"},{"taxonomy":"product_tag","embeddable":true,"href":"https:\/\/rioday.com.br\/site\/wp-json\/wp\/v2\/product_tag?post=3400"}],"curies":[{"name":"wp","href":"https:\/\/api.w.org\/{rel}","templated":true}]}}