{"id":3497,"date":"2024-05-07T07:58:31","date_gmt":"2024-05-07T10:58:31","guid":{"rendered":"https:\/\/rioday.com.br\/site\/?post_type=product&#038;p=3497"},"modified":"2025-09-15T16:01:09","modified_gmt":"2025-09-15T19:01:09","slug":"maquina-de-lavar-loucas-e-utensilios-ecomax-703-hobart","status":"publish","type":"product","link":"https:\/\/rioday.com.br\/site\/p\/maquina-de-lavar-loucas-e-utensilios-ecomax-703-hobart\/","title":{"rendered":"M\u00e1quina de Lavar Lou\u00e7as e Utens\u00edlios ECOMAX 703 &#8211; Hobart"},"content":{"rendered":"<h2>M\u00e1quina de Lavar Lou\u00e7as e Utens\u00edlios ECOMAX 703 &#8211; Hobart<\/h2>\n<p><strong>A lavadora de lou\u00e7as ECOMAX 703<\/strong> se destaca pela sua altura \u00fatil da c\u00e2mara de lavagem, com 47 cm, a maior da categoria. Com um sistema de abertura de cap\u00f4 f\u00e1cil, proporciona menos esfor\u00e7o ao operador no uso di\u00e1rio.<\/p>\n<p>Al\u00e9m de pratos, copos e talheres, a <em>Ecomax 703<\/em> \u00e9 indicada para a lavagem de caixas, GN\u2019s e assadeiras. Seu painel de controle est\u00e1 localizado na parte superior do equipamento, oferecendo maior ergonomia na opera\u00e7\u00e3o.<\/p>\n<h2>Constru\u00e7\u00e3o<\/h2>\n<p>Estrutura, tanque, pain\u00e9is e cobertura s\u00e3o constru\u00eddos em chapa de a\u00e7o inoxid\u00e1vel, proporcionando resist\u00eancia \u00e0 a\u00e7\u00e3o corrosiva de detergentes e \u00e1cidos dos alimentos.<\/p>\n<h2>Especifica\u00e7\u00f5es T\u00e9cnicas<\/h2>\n<table>\n<thead>\n<tr>\n<th colspan=\"2\">Modelo: <strong>lavadora de lou\u00e7as ECOMAX 703<\/strong><\/th>\n<\/tr>\n<\/thead>\n<tbody>\n<tr>\n<td>Capacidade mec\u00e2nica<\/td>\n<td>23, 28 ou 55 gavetas\/hora<\/td>\n<\/tr>\n<tr>\n<td>Capacidade de lavagem<\/td>\n<td>1210 pratos\/hora<\/td>\n<\/tr>\n<tr>\n<td>Capacidade por gaveta<\/td>\n<td>18 pratos<\/td>\n<\/tr>\n<tr>\n<td>Tempo de ciclo<\/td>\n<td>60, 120 ou 150 segundos<\/td>\n<\/tr>\n<tr>\n<td>Programas especiais<\/td>\n<td>3 ciclos<\/td>\n<\/tr>\n<tr>\n<td>Consumo de \u00e1gua<\/td>\n<td>2,0 litros<\/td>\n<\/tr>\n<tr>\n<td>Consumo el\u00e9trico<\/td>\n<td>2,1 kWh<\/td>\n<\/tr>\n<tr>\n<td>Temperatura de lavagem (\u00b0C):<\/td>\n<td>55 \u2013 65<\/td>\n<\/tr>\n<tr>\n<td>Temperatura de enx\u00e1gue (\u00b0C):<\/td>\n<td>80 \u2013 90<\/td>\n<\/tr>\n<tr>\n<td>Motor lavagem<\/td>\n<td>0,95 CV<\/td>\n<\/tr>\n<tr>\n<td>Motor enx\u00e1gue<\/td>\n<td>0,27 CV<\/td>\n<\/tr>\n<tr>\n<td>Tens\u00f5es dispon\u00edveis<\/td>\n<td>220V trif\u00e1sico | 380V trif\u00e1sico<\/td>\n<\/tr>\n<tr>\n<td>Dimens\u00e3o externa (m):<\/td>\n<td>1,60 x 0,79 x 0,84<\/td>\n<\/tr>\n<tr>\n<td>\u00c1rea \u00fatil de lavagem (m):<\/td>\n<td>0,47 x 0,68 x 0,50<\/td>\n<\/tr>\n<tr>\n<td>Peso<\/td>\n<td>120kg<\/td>\n<\/tr>\n<\/tbody>\n<\/table>\n<p>Se tiver d\u00favidas, use o\u00a0<strong>bot\u00e3o do whatsapp abaixo<\/strong>\u00a0e seja atendido em instantes, ou envie o\u00a0<a href=\"https:\/\/rioday.com.br\/site\/fale-conosco\/\">email<\/a>.<\/p>\n<p><a href=\"https:\/\/wa.me\/552122703084?text=Ol%C3%A1%2C+Estou+na+loja+virtual+e+gostaria+de+saber+como+pagar+com+%2ADESCONTO%2A%3F\" target=\"_blank\" rel=\"noopener\"><img loading=\"lazy\" decoding=\"async\" class=\"aligncenter wp-image-3507 size-full\" title=\"Ligue para entender e comprar com Desconto!\" src=\"https:\/\/rioday.com.br\/site\/wp-content\/uploads\/2024\/05\/btn-desconto-2.png\" alt=\"compre com desconto\" width=\"331\" height=\"88\" srcset=\"https:\/\/rioday.com.br\/site\/wp-content\/uploads\/2024\/05\/btn-desconto-2.png 331w, https:\/\/rioday.com.br\/site\/wp-content\/uploads\/2024\/05\/btn-desconto-2-300x80.png 300w\" sizes=\"(max-width: 331px) 100vw, 331px\" \/><\/a><\/p>\n","protected":false},"excerpt":{"rendered":"<p><strong>A <\/strong>lavadora de lou\u00e7as ECOMAX 703 se destaca pela sua altura \u00fatil da c\u00e2mara de lavagem, com 47 cm, a maior da categoria. Com um sistema de abertura de cap\u00f4 f\u00e1cil, proporciona menos esfor\u00e7o ao operador no uso di\u00e1rio.<\/p>\n<p><a href=\"https:\/\/wa.me\/552122703084?text=Ol%C3%A1%2C+Estou+na+loja+virtual+e+gostaria+de+saber+como+pagar+com+%2ADESCONTO%2A%3F\" target=\"_blank\" rel=\"noopener\"><img loading=\"lazy\" decoding=\"async\" class=\"aligncenter wp-image-3507 size-full\" title=\"Ligue para entender e comprar com Desconto!\" src=\"https:\/\/rioday.com.br\/site\/wp-content\/uploads\/2024\/05\/btn-desconto-2.png\" alt=\"compre com desconto\" width=\"331\" height=\"88\" srcset=\"https:\/\/rioday.com.br\/site\/wp-content\/uploads\/2024\/05\/btn-desconto-2.png 331w, https:\/\/rioday.com.br\/site\/wp-content\/uploads\/2024\/05\/btn-desconto-2-300x80.png 300w\" sizes=\"(max-width: 331px) 100vw, 331px\" \/><\/a><\/p>\n<p>&nbsp;<\/p>\n","protected":false},"featured_media":3500,"template":"","meta":{"_et_pb_use_builder":"","_et_pb_old_content":"","_et_gb_content_width":""},"product_cat":[198,165,21,34,189],"product_tag":[196],"aioseo_notices":[],"_links":{"self":[{"href":"https:\/\/rioday.com.br\/site\/wp-json\/wp\/v2\/product\/3497"}],"collection":[{"href":"https:\/\/rioday.com.br\/site\/wp-json\/wp\/v2\/product"}],"about":[{"href":"https:\/\/rioday.com.br\/site\/wp-json\/wp\/v2\/types\/product"}],"wp:featuredmedia":[{"embeddable":true,"href":"https:\/\/rioday.com.br\/site\/wp-json\/wp\/v2\/media\/3500"}],"wp:attachment":[{"href":"https:\/\/rioday.com.br\/site\/wp-json\/wp\/v2\/media?parent=3497"}],"wp:term":[{"taxonomy":"product_cat","embeddable":true,"href":"https:\/\/rioday.com.br\/site\/wp-json\/wp\/v2\/product_cat?post=3497"},{"taxonomy":"product_tag","embeddable":true,"href":"https:\/\/rioday.com.br\/site\/wp-json\/wp\/v2\/product_tag?post=3497"}],"curies":[{"name":"wp","href":"https:\/\/api.w.org\/{rel}","templated":true}]}}