{"id":3508,"date":"2024-05-07T11:21:47","date_gmt":"2024-05-07T14:21:47","guid":{"rendered":"https:\/\/rioday.com.br\/site\/?post_type=product&#038;p=3508"},"modified":"2025-09-15T15:42:33","modified_gmt":"2025-09-15T18:42:33","slug":"fritadeira-eletrica-ecomax-28-litros-ef28-220v-hobart","status":"publish","type":"product","link":"https:\/\/rioday.com.br\/site\/p\/fritadeira-eletrica-ecomax-28-litros-ef28-220v-hobart\/","title":{"rendered":"Fritadeira El\u00e9trica Ecomax 28 Litros EF28 220V Hobart"},"content":{"rendered":"<p>Fritadeira EF 28 Ecomax by Hobart<\/p>\n<h2>Fritadeira El\u00e9trica Ecomax 28 Litros EF28 220V<\/h2>\n<h2>Alta performance e efici\u00eancia para frituras perfeitas<\/h2>\n<ul>\n<li><strong>Capacidade de \u00d3leo:<\/strong>\u00a028 Litros &#8211; ideal para altas demandas de fritura.<\/li>\n<li><strong>Dimens\u00f5es:<\/strong>\u00a0Largura 400 mm, Altura 1100 mm, Profundidade 800 mm &#8211; otimizada para cozinhas profissionais.<\/li>\n<li><strong>Peso:<\/strong>\u00a060 kg &#8211; robustez e estabilidade garantidas.<\/li>\n<li><strong>Constru\u00e7\u00e3o em A\u00e7o Inoxid\u00e1vel:<\/strong>\u00a0durabilidade e facilidade de limpeza.<\/li>\n<li><strong>Temperatura:<\/strong>\u00a050 a 200\u00b0C &#8211; controle preciso para diferentes tipos de alimentos.<\/li>\n<li><strong>Recupera\u00e7\u00e3o R\u00e1pida:<\/strong>\u00a0permite um fluxo de trabalho cont\u00ednuo e eficiente.<\/li>\n<li><strong>Zona Fria:<\/strong>\u00a0mant\u00e9m a qualidade do \u00f3leo e dos alimentos fritos.<\/li>\n<li><strong>Duas Cestas:<\/strong>\u00a0versatilidade no preparo de variados itens simultaneamente.<\/li>\n<li><strong>P\u00e9s Ajust\u00e1veis:<\/strong>\u00a0f\u00e1cil nivelamento e estabilidade em diferentes superf\u00edcies.<\/li>\n<li><strong>Efici\u00eancia Energ\u00e9tica:<\/strong>\u00a0projetada para reduzir o consumo de energia.<\/li>\n<\/ul>\n<h2>Desempenho Fritadeira Ecomax Hobart excepcional em cada utiliza\u00e7\u00e3o<\/h2>\n<h3>Versatilidade<\/h3>\n<p>Ideal para fritar uma ampla variedade de alimentos.<\/p>\n<h3>Qualidade da fritura<\/h3>\n<p>Comida sempre crocante e saborosa, com essa fritadeira voc\u00ea elevar\u00e1 os alimentos a outros patamares.<\/p>\n<h3>Economia da Fritadeira Ecomax 28L Hobart<\/h3>\n<p>Zona fria e efici\u00eancia energ\u00e9tica reduzem os custos operacionais.<\/p>\n<h3>Praticidade da Fritadeira El\u00e9trica 28L<\/h3>\n<p>Simples de operar e limpar, otimizando o fluxo de trabalho na cozinha.<\/p>\n<h3>Seguran\u00e7a<\/h3>\n<p>Constru\u00e7\u00e3o resistente e p\u00e9s ajust\u00e1veis garantem o uso seguro.<\/p>\n<h3>ECOMAX FRITADEIRAS EL\u00c9TRICA<\/h3>\n<p>Inova\u00e7\u00e3o e excel\u00eancia em equipamentos para cozinhas comerciais<\/p>\n<p>A ECOMAX se destaca no mercado de equipamentos para cozinhas industriais, oferecendo produtos que combinam alto desempenho, durabilidade e efici\u00eancia. A Fritadeira El\u00e9trica EF-28L \u00e9 um exemplo do seu compromisso com a inova\u00e7\u00e3o e a satisfa\u00e7\u00e3o do cliente.<\/p>\n<p>Revitalize sua cozinha com efic\u00e1cia e qualidade. Adquira a <strong>Fritadeira El\u00e9trica ECOMAX EF-28L<\/strong> e leve seu empreendimento a novos horizontes. Se tiver d\u00favidas, use o <strong>bot\u00e3o do whatsapp abaixo<\/strong> e seja atendido em instantes, ou envie o <a href=\"https:\/\/rioday.com.br\/site\/fale-conosco\/\">email<\/a>.<\/p>\n<p><a href=\"https:\/\/wa.me\/552122703084?text=Ol%C3%A1%2C+Estou+na+loja+virtual+e+gostaria+de+saber+como+pagar+com+%2ADESCONTO%2A%3F\" target=\"_blank\" rel=\"noopener\"><img loading=\"lazy\" decoding=\"async\" class=\"aligncenter wp-image-3507 size-full\" title=\"Ligue para entender e comprar com Desconto!\" src=\"https:\/\/rioday.com.br\/site\/wp-content\/uploads\/2024\/05\/btn-desconto-2.png\" alt=\"compre com desconto\" width=\"331\" height=\"88\" srcset=\"https:\/\/rioday.com.br\/site\/wp-content\/uploads\/2024\/05\/btn-desconto-2.png 331w, https:\/\/rioday.com.br\/site\/wp-content\/uploads\/2024\/05\/btn-desconto-2-300x80.png 300w\" sizes=\"(max-width: 331px) 100vw, 331px\" \/><\/a><\/p>\n","protected":false},"excerpt":{"rendered":"<p>Essa \u00e9 a sua oportunidade de transformar sua cozinha com profissionalismo, economia e qualidade . Compre a <strong>Fritadeira El\u00e9trica ECOMAX EF-28L Hobart<\/strong> e leve seu neg\u00f3cio a incr\u00edveis n\u00edveis de excel\u00eancia e lucratividade.<br \/>\n<a href=\"https:\/\/wa.me\/552122703084?text=Ol%C3%A1%2C+Estou+na+loja+virtual+e+gostaria+de+saber+como+pagar+com+%2ADESCONTO%2A%3F\" target=\"_blank\" rel=\"noopener\"><img loading=\"lazy\" decoding=\"async\" class=\"aligncenter wp-image-3507 size-full\" title=\"Ligue para entender e comprar com Desconto!\" src=\"https:\/\/rioday.com.br\/site\/wp-content\/uploads\/2024\/05\/btn-desconto-2.png\" alt=\"compre com desconto\" width=\"331\" height=\"88\" srcset=\"https:\/\/rioday.com.br\/site\/wp-content\/uploads\/2024\/05\/btn-desconto-2.png 331w, https:\/\/rioday.com.br\/site\/wp-content\/uploads\/2024\/05\/btn-desconto-2-300x80.png 300w\" sizes=\"(max-width: 331px) 100vw, 331px\" \/><\/a><\/p>\n<p>&nbsp;<\/p>\n","protected":false},"featured_media":3509,"template":"","meta":{"_et_pb_use_builder":"","_et_pb_old_content":"","_et_gb_content_width":""},"product_cat":[18,198,165,197,155],"product_tag":[199],"aioseo_notices":[],"_links":{"self":[{"href":"https:\/\/rioday.com.br\/site\/wp-json\/wp\/v2\/product\/3508"}],"collection":[{"href":"https:\/\/rioday.com.br\/site\/wp-json\/wp\/v2\/product"}],"about":[{"href":"https:\/\/rioday.com.br\/site\/wp-json\/wp\/v2\/types\/product"}],"wp:featuredmedia":[{"embeddable":true,"href":"https:\/\/rioday.com.br\/site\/wp-json\/wp\/v2\/media\/3509"}],"wp:attachment":[{"href":"https:\/\/rioday.com.br\/site\/wp-json\/wp\/v2\/media?parent=3508"}],"wp:term":[{"taxonomy":"product_cat","embeddable":true,"href":"https:\/\/rioday.com.br\/site\/wp-json\/wp\/v2\/product_cat?post=3508"},{"taxonomy":"product_tag","embeddable":true,"href":"https:\/\/rioday.com.br\/site\/wp-json\/wp\/v2\/product_tag?post=3508"}],"curies":[{"name":"wp","href":"https:\/\/api.w.org\/{rel}","templated":true}]}}