{"id":530,"date":"2019-06-05T12:35:40","date_gmt":"2019-06-05T15:35:40","guid":{"rendered":"https:\/\/rioday.com.br\/site\/?post_type=product&#038;p=530"},"modified":"2020-07-01T14:30:47","modified_gmt":"2020-07-01T17:30:47","slug":"vidro-termoeletrico-glasart-400x600-mm","status":"publish","type":"product","link":"https:\/\/rioday.com.br\/site\/p\/vidro-termoeletrico-glasart-400x600-mm\/","title":{"rendered":"Vidro Termoel\u00e9trico Glasart 400&#215;600 mm"},"content":{"rendered":"<p>VIDRO TERMOEL\u00c9TRICO GLASART 400 X 600 mm DE SOBREPOR\/EMBUTIR<\/p>\n<p>\u2013 O Vidro Termoel\u00e9tricos GLASART 400 x 600 mm foi pensado para servir uma GN 1\/1 . \u00c9 extremamente pr\u00e1tico na montagem de um Buffet, podendo ser disposto em s\u00e9rie com muita facilidade. Utilize-o tamb\u00e9m nas pontas de ilha para dar destaque a pratos especiais.<\/p>\n<p>\u2013 Sua temperatura pode ser ajustada entre 30\u00b0 C e 160\u00b0 C atrav\u00e9s do controlador de temperatura independente que acompanha cada vidro.<\/p>\n<h2>INFORMA\u00c7\u00d5ES T\u00c9CNICAS:<\/h2>\n<ul>\n<li>TENS\u00c3O: 220V<\/li>\n<li>CORRENTE: 1,9A<\/li>\n<li>POT\u00caNCIA: 418W<\/li>\n<li>DIMENS\u00d5ES EXT. (C x L x A): 600 x 400 x 78 mm<\/li>\n<li>PESO COM EMBALAGEM: 5,8 kg<\/li>\n<li>PESO SEM EMBALAGEM: 4,9 kg..<\/li>\n<\/ul>\n","protected":false},"excerpt":{"rendered":"<p>O Vidro Termoel\u00e9tricos GLASART 400 x 600 mm foi pensado para servir uma GN 1\/1 . \u00c9 extremamente pr\u00e1tico na montagem de um Buffet, podendo ser disposto em s\u00e9rie com muita facilidade.<\/p>\n","protected":false},"featured_media":529,"template":"","meta":{"_et_pb_use_builder":"","_et_pb_old_content":"","_et_gb_content_width":""},"product_cat":[19],"product_tag":[],"aioseo_notices":[],"_links":{"self":[{"href":"https:\/\/rioday.com.br\/site\/wp-json\/wp\/v2\/product\/530"}],"collection":[{"href":"https:\/\/rioday.com.br\/site\/wp-json\/wp\/v2\/product"}],"about":[{"href":"https:\/\/rioday.com.br\/site\/wp-json\/wp\/v2\/types\/product"}],"wp:featuredmedia":[{"embeddable":true,"href":"https:\/\/rioday.com.br\/site\/wp-json\/wp\/v2\/media\/529"}],"wp:attachment":[{"href":"https:\/\/rioday.com.br\/site\/wp-json\/wp\/v2\/media?parent=530"}],"wp:term":[{"taxonomy":"product_cat","embeddable":true,"href":"https:\/\/rioday.com.br\/site\/wp-json\/wp\/v2\/product_cat?post=530"},{"taxonomy":"product_tag","embeddable":true,"href":"https:\/\/rioday.com.br\/site\/wp-json\/wp\/v2\/product_tag?post=530"}],"curies":[{"name":"wp","href":"https:\/\/api.w.org\/{rel}","templated":true}]}}