{"id":615,"date":"2019-06-08T18:37:35","date_gmt":"2019-06-08T21:37:35","guid":{"rendered":"https:\/\/rioday.com.br\/site\/?post_type=product&#038;p=615"},"modified":"2020-07-01T14:27:07","modified_gmt":"2020-07-01T17:27:07","slug":"processador-cl50-robot-coupe","status":"publish","type":"product","link":"https:\/\/rioday.com.br\/site\/p\/processador-cl50-robot-coupe\/","title":{"rendered":"Processador CL50 Robot Coupe"},"content":{"rendered":"<p>O Processador CL50 profissional permite cortar todos os tipos de legumes \u00e0 julienne, picar cebola e ralar cenoura, al\u00e9m de cortar legumes em maced\u00f4nia e batatas para fritar.<\/p>\n<h2>Vantagens do produto:<\/h2>\n<p><strong>\u2022 Capacidade de opera\u00e7\u00e3o:<\/strong><br \/>\nBoca grande para cortar legumes volumosos e boca cil\u00edndrica para legumes longos e fr\u00e1geis.<\/p>\n<p><strong>\u2022 Grande variedade de cortes:<\/strong><br \/>\nGama completa de discos, que permite realizar todos os tipos de cortes em frutas e legumes: pica, faz cortes ondulados, rala, corta em palito ou ainda em maced\u00f4nia e para preparar batata frita.<\/p>\n<p><strong>\u2022 Simples e robusto:<\/strong><br \/>\nTodas as pe\u00e7as que entram em contato com os alimentos s\u00e3o f\u00e1ceis de desmontar, para uma higieniza\u00e7\u00e3o perfeita.<\/p>\n<p><strong>\u2022 Motor ass\u00edncrono para uso intensivo<br \/>\n<\/strong>Quantidade de lugares:<br \/>\nat\u00e9 400 lugares<\/p>\n<p><strong>Usu\u00e1rios:<\/strong><br \/>\nAssocia\u00e7\u00f5es, produtores de embutidos, empresas de catering, restaurantes<br \/>\nResumindo:<br \/>\nEsses aparelhos \u2014 de alto desempenho, robustos, f\u00e1ceis de limpar e com a maior variedade de cortes \u2014 s\u00e3o inigual\u00e1veis e atender\u00e3o a todas as necessidades do dia a dia com precis\u00e3o, facilidade e efic\u00e1cia.<\/p>\n","protected":false},"excerpt":{"rendered":"<p>O processador de alimentos CL50 profissional permite cortar todos os tipos de legumes \u00e0 julienne, picar cebola e ralar cenoura, al\u00e9m de cortar legumes em maced\u00f4nia e batatas para fritar<\/p>\n","protected":false},"featured_media":616,"template":"","meta":{"_et_pb_use_builder":"","_et_pb_old_content":"","_et_gb_content_width":""},"product_cat":[23,33],"product_tag":[],"aioseo_notices":[],"_links":{"self":[{"href":"https:\/\/rioday.com.br\/site\/wp-json\/wp\/v2\/product\/615"}],"collection":[{"href":"https:\/\/rioday.com.br\/site\/wp-json\/wp\/v2\/product"}],"about":[{"href":"https:\/\/rioday.com.br\/site\/wp-json\/wp\/v2\/types\/product"}],"wp:featuredmedia":[{"embeddable":true,"href":"https:\/\/rioday.com.br\/site\/wp-json\/wp\/v2\/media\/616"}],"wp:attachment":[{"href":"https:\/\/rioday.com.br\/site\/wp-json\/wp\/v2\/media?parent=615"}],"wp:term":[{"taxonomy":"product_cat","embeddable":true,"href":"https:\/\/rioday.com.br\/site\/wp-json\/wp\/v2\/product_cat?post=615"},{"taxonomy":"product_tag","embeddable":true,"href":"https:\/\/rioday.com.br\/site\/wp-json\/wp\/v2\/product_tag?post=615"}],"curies":[{"name":"wp","href":"https:\/\/api.w.org\/{rel}","templated":true}]}}