{"id":63,"date":"2020-07-04T16:20:16","date_gmt":"2020-07-04T19:20:16","guid":{"rendered":"https:\/\/rioday.com.br\/site\/?post_type=product&#038;p=63"},"modified":"2025-09-17T15:04:52","modified_gmt":"2025-09-17T18:04:52","slug":"lavadora-de-loucas-ecomax-503-hobart","status":"publish","type":"product","link":"https:\/\/rioday.com.br\/site\/p\/lavadora-de-loucas-ecomax-503-hobart\/","title":{"rendered":"Lavadora de Lou\u00e7as Ecomax 503 Hobart"},"content":{"rendered":"<p>A Ecomax 503 vai fazer uma diferen\u00e7a real no seu estabelecimento, ela oferece aos usu\u00e1rios um produto simples e eficaz.<br \/>\nA lavadora tem 4 programas de lavagem selecion\u00e1veis para que qualquer tipo de res\u00edduo possa ser tratado de forma eficiente.<br \/>\nA \u00e1rea \u00fatil de lavagem \u00e9 consideravelmente mais elevada para que copos altos, bem como utens\u00edlios diversos, possam ser higienizados.<\/p>\n<h2><strong>F\u00c1CIL DE USAR\u00a0<\/strong><\/h2>\n<p>O painel de controle eletr\u00f4nico \u00e9 claro e f\u00e1cil de entender, poucos bot\u00f5es e um grande display, a maioria deles t\u00eam uma \u00fanica fun\u00e7\u00e3o a fim de evitar poss\u00edveis erros.<\/p>\n<h2><strong>F\u00c1CIL DE LIMPAR<\/strong><\/h2>\n<p>A parte inferior do tanque \u00e9 estampada em pe\u00e7a \u00fanica e com inclina\u00e7\u00e3o em dire\u00e7\u00e3o ao tubo de drenagem para eliminar as part\u00edculas de alimentos, esta caracter\u00edstica evita que res\u00edduos se acumulem em cantos e outros pontos da lavadora, fazendo com que a \u00e1gua de lavagem permane\u00e7a limpa.<\/p>\n<p>O painel de controle na parte de cima da lavadora \u00e9 ergon\u00f4mico, resistente \u00e0 \u00e1gua e os bot\u00f5es s\u00e3o de toque, facilitando a limpeza e opera\u00e7\u00e3o.<\/p>\n<p>Os bra\u00e7os de enx\u00e1gue e lavagem podem ser removidos facilmente para a manuten\u00e7\u00e3o di\u00e1ria do equipamento, sem uso de nenhuma ferramenta.<\/p>\n<p>Programa de autolimpeza ao final do ciclo de trabalho, facilidade no dia-a-dia do usu\u00e1rio.<\/p>\n<h2><strong>ROBUSTA E CONFI\u00c1VEL<\/strong><\/h2>\n<p>Componentes mais robustos, particularmente aqueles sujeitos ao desgaste, como portas e dobradi\u00e7as, permitindo uma vida \u00fatil extremamente longa.<\/p>\n<h2><strong>MELHORES RESULTADOS<\/strong><\/h2>\n<p>Os bra\u00e7os de lavagem possuem o exclusivo sistema FAN, sua geometria espec\u00edfica permite a distribui\u00e7\u00e3o perfeitamente uniforme do fluxo de \u00e1gua.<\/p>\n<p>Al\u00e9m disso, s\u00e3o independentes, proporcionando uma velocidade de rota\u00e7\u00e3o perfeita, assim como a press\u00e3o e temperatura da \u00e1gua.<\/p>\n<h2><strong>BENEF\u00cdCIOS E DIFERENCIAIS Ecomax 503<\/strong><\/h2>\n<ul>\n<li>ARCHIMEDES: sistema que drena a \u00e1gua e part\u00edculas s\u00f3lidas a partir do meio tanque antes de enxaguar, reutiliza 83% da \u00e1gua do enx\u00e1gue no tanque de lavagem garantindo 100% de efici\u00eancia com menor desperd\u00edcio de \u00e1gua.<\/li>\n<li>SMARTCLEAN: especialmente desenhado para n\u00e3o acumular res\u00edduos e sujidade nas paredes, tanque, suporte das gavetas, bra\u00e7os e topo interno da lavadora. Sua constru\u00e7\u00e3o utiliza os mais modernos m\u00e9todos de estamparia para evitar soldas e costuras nos componentes internos. Mais f\u00e1cil de limpar e conservar.<\/li>\n<li>Ciclo de lavagem especial: possui programa\u00e7\u00e3o para lavagens especiais de lou\u00e7as com muita sujidade, ciclo infinito.<\/li>\n<li>C\u00e2mara: possui c\u00e2mara com altura \u00fatil de 390 mm permitindo a lavagem de bandejas.<\/li>\n<li>Totalmente constru\u00edda em a\u00e7o inoxid\u00e1vel AISI304, paredes duplas que conferem maior isolamento t\u00e9rmico e ac\u00fastico, al\u00e9m de garantir maior robustez ao equipamento.<\/li>\n<li>Tanque estampado sem emendas, soldas ou costuras proporciona melhor aproveitamento de espa\u00e7o e maior facilidade na higieniza\u00e7\u00e3o di\u00e1ria.<\/li>\n<li>Interface intuitiva com mostrador digital proporciona melhor visualiza\u00e7\u00e3o das fun\u00e7\u00f5es da lavadora, temperatura de lavagem e enx\u00e1gue e f\u00e1cil visualiza\u00e7\u00e3o dos modos de ciclo (aquecimento, lavagem e stand by).<\/li>\n<li>Filtro de part\u00edculas no tanque para maior efici\u00eancia de lavagem.<\/li>\n<li>Bomba com sistema DUAL FLOW para distribui\u00e7\u00e3o por igual da \u00e1gua nos bra\u00e7os superiores e inferiores permitindo uma distribui\u00e7\u00e3o igualit\u00e1ria proporcionando maior efici\u00eancia de lavagem e enx\u00e1gue.<\/li>\n<li>Dispositivo de interrup\u00e7\u00e3o do ciclo com porta aberta.<\/li>\n<li>Ciclo autom\u00e1tico de lavagem e enx\u00e1g\u00fce \u00e0 quente (14 segundos).<\/li>\n<li>Controle autom\u00e1tico dos n\u00edveis dos tanques de \u00e1gua e da temperatura.<\/li>\n<\/ul>\n<p>&nbsp;<\/p>\n<h2><strong>EQUIPAMENTO PADR\u00c3O<\/strong><\/h2>\n<ul>\n<li>01 gaveta lisa para x\u00edcaras, copos ou talheres<\/li>\n<li>02 gavetas com pinos para pratos e bandejas<\/li>\n<li>01 moto-bomba de enx\u00e1g\u00fce<\/li>\n<li>01 kit para instala\u00e7\u00e3o hidr\u00e1ulica e cabo sem plug<\/li>\n<\/ul>\n","protected":false},"excerpt":{"rendered":"<p>A Ecomax 503 vai fazer uma diferen\u00e7a real no seu estabelecimento, ela oferece aos usu\u00e1rios um produto simples e eficaz.\u00a0A lavadora tem 4 programas de lavagem selecion\u00e1veis para que qualquer tipo de res\u00edduo possa ser tratado de forma eficiente.<\/p>\n","protected":false},"featured_media":64,"template":"","meta":{"_et_pb_use_builder":"","_et_pb_old_content":"","_et_gb_content_width":""},"product_cat":[198,21,34,189],"product_tag":[212],"aioseo_notices":[],"_links":{"self":[{"href":"https:\/\/rioday.com.br\/site\/wp-json\/wp\/v2\/product\/63"}],"collection":[{"href":"https:\/\/rioday.com.br\/site\/wp-json\/wp\/v2\/product"}],"about":[{"href":"https:\/\/rioday.com.br\/site\/wp-json\/wp\/v2\/types\/product"}],"wp:featuredmedia":[{"embeddable":true,"href":"https:\/\/rioday.com.br\/site\/wp-json\/wp\/v2\/media\/64"}],"wp:attachment":[{"href":"https:\/\/rioday.com.br\/site\/wp-json\/wp\/v2\/media?parent=63"}],"wp:term":[{"taxonomy":"product_cat","embeddable":true,"href":"https:\/\/rioday.com.br\/site\/wp-json\/wp\/v2\/product_cat?post=63"},{"taxonomy":"product_tag","embeddable":true,"href":"https:\/\/rioday.com.br\/site\/wp-json\/wp\/v2\/product_tag?post=63"}],"curies":[{"name":"wp","href":"https:\/\/api.w.org\/{rel}","templated":true}]}}