{"id":662,"date":"2019-06-09T07:11:40","date_gmt":"2019-06-09T10:11:40","guid":{"rendered":"https:\/\/rioday.com.br\/site\/?post_type=product&#038;p=662"},"modified":"2020-07-01T14:20:05","modified_gmt":"2020-07-01T17:20:05","slug":"lavadora-de-utensilios-lp-301","status":"publish","type":"product","link":"https:\/\/rioday.com.br\/site\/p\/lavadora-de-utensilios-lp-301\/","title":{"rendered":"Lavadora de Utens\u00edlios LP 301"},"content":{"rendered":"<p>A Lavadora LP 301 \u00e9 Ideal para utens\u00edlios especiais como gn\u2019s, assadeiras, tachos de batedeiras, monoblocos, entre outros. Constru\u00edda totalmente em a\u00e7o inoxid\u00e1vel com paredes duplas para reduzir os ru\u00eddos e dispers\u00f5es t\u00e9rmicas. Para facilitar a limpeza e remo\u00e7\u00e3o de res\u00edduos s\u00f3lidos o tanque de lavagem possui cantos arredondados.<\/p>\n<p>Ciclos ajust\u00e1veis de 2, 4 e 6 minutos.<\/p>\n<h2>Benef\u00edcios e Diferenciais da Lavadora LP 301<\/h2>\n<ul>\n<li>Cesto de 132 x 70 cm.<\/li>\n<li>Bombas de lavagem (2) auto-dren\u00e1veis (verticais).<\/li>\n<li>Bomba de enx\u00e1gue standard.<\/li>\n<li>Aquecedor el\u00e9trico do tipo CRP (temperatura constante) para garantir o enx\u00e1gue, controlado por \u201cThermostop\u201d.<\/li>\n<li>Painel de controle eletr\u00f4nico \u201csoft-touch\u201d e term\u00f4metros digitais.<\/li>\n<li>Auto-diagn\u00f3stico de falhas eventuais.<\/li>\n<li>Cestos coletores perfurados em a\u00e7o inoxid\u00e1vel.<\/li>\n<li>Bra\u00e7os de lavagem e enx\u00e1gue girat\u00f3rios.<\/li>\n<li>Suportes para recipientes Gn\u2019s e\/ou formas (opcionais).<\/li>\n<\/ul>\n","protected":false},"excerpt":{"rendered":"<p>A Lavadora LP 301 \u00e9 Ideal para utens\u00edlios especiais como gn\u2019s, assadeiras, tachos de batedeiras, monoblocos, entre outros.<\/p>\n","protected":false},"featured_media":663,"template":"","meta":{"_et_pb_use_builder":"","_et_pb_old_content":"","_et_gb_content_width":""},"product_cat":[21,34],"product_tag":[],"aioseo_notices":[],"_links":{"self":[{"href":"https:\/\/rioday.com.br\/site\/wp-json\/wp\/v2\/product\/662"}],"collection":[{"href":"https:\/\/rioday.com.br\/site\/wp-json\/wp\/v2\/product"}],"about":[{"href":"https:\/\/rioday.com.br\/site\/wp-json\/wp\/v2\/types\/product"}],"wp:featuredmedia":[{"embeddable":true,"href":"https:\/\/rioday.com.br\/site\/wp-json\/wp\/v2\/media\/663"}],"wp:attachment":[{"href":"https:\/\/rioday.com.br\/site\/wp-json\/wp\/v2\/media?parent=662"}],"wp:term":[{"taxonomy":"product_cat","embeddable":true,"href":"https:\/\/rioday.com.br\/site\/wp-json\/wp\/v2\/product_cat?post=662"},{"taxonomy":"product_tag","embeddable":true,"href":"https:\/\/rioday.com.br\/site\/wp-json\/wp\/v2\/product_tag?post=662"}],"curies":[{"name":"wp","href":"https:\/\/api.w.org\/{rel}","templated":true}]}}