{"id":664,"date":"2019-06-09T07:16:44","date_gmt":"2019-06-09T10:16:44","guid":{"rendered":"https:\/\/rioday.com.br\/site\/?post_type=product&#038;p=664"},"modified":"2020-07-01T14:19:58","modified_gmt":"2020-07-01T17:19:58","slug":"lavadora-de-loucas-profi-amxx-hobart","status":"publish","type":"product","link":"https:\/\/rioday.com.br\/site\/p\/lavadora-de-loucas-profi-amxx-hobart\/","title":{"rendered":"Lavadora de Lou\u00e7as Profi AMXX Hobart"},"content":{"rendered":"<h2>Lavadora de Lou\u00e7as Profi AMXX Hobart<\/h2>\n<ul>\n<li>Tecnologia inovadora na higieniza\u00e7\u00e3o de lou\u00e7as.<\/li>\n<li>Dispositivo exclusivo proporciona economia de \u00e1gua, energia e produtos.<\/li>\n<li>Isolamento termo-ac\u00fastico, mais efici\u00eancia com m\u00ednimo de ru\u00eddo e dispers\u00e3o t\u00e9rmica.<\/li>\n<li>*Dispositivo sob consulta na vers\u00e3o VAPOSTOP &#8211; sistema que reduz a emiss\u00e3o de calor e vapores para o ambiente.<\/li>\n<\/ul>\n<h2>PAINEL DE COMANDO<\/h2>\n<ul>\n<li>Dotado de autodiagn\u00f3stico de fun\u00e7\u00f5es.<\/li>\n<li>Instalado no bordo superior do cap\u00f4 munido de term\u00f4metro digital, que facilita a opera\u00e7\u00e3o e a visualiza\u00e7\u00e3o dos comandos.<\/li>\n<\/ul>\n<h2>BENEF\u00cdCIOS E DIFERENCIAIS<\/h2>\n<ul>\n<li>Estrutura, tanque, pain\u00e9is e cobertura constru\u00eddos em chapa de a\u00e7o inoxid\u00e1vel. Demais materiais utilizados oferecem resist\u00eancia \u00e0 a\u00e7\u00e3o corrosiva de detergentes e \u00e1cidos dos alimentos.<\/li>\n<li>Genius X\u00b2 &#8211; Sistema avan\u00e7ado de filtragem e drenagem por ciclo que reduz o consumo de detergente em at\u00e9 30%.<\/li>\n<li>SMARTRONIC Controles &#8211; indica o status da opera\u00e7\u00e3o atrav\u00e9s de cores.<\/li>\n<li>Abertura completa do cap\u00f4, atrav\u00e9s de bra\u00e7o articul\u00e1vel com sistema de f\u00e1cil e leve manuseio: 50% menos esfor\u00e7o para o operador.<\/li>\n<li>Sistema fechado nos quatro lados para economia adicional de energia el\u00e9trica. Menos umidade no ambiente. Cap\u00f4 duplo com revestimento interno t\u00e9rmico.<\/li>\n<li>Dispositivo de seguran\u00e7a que interrompe o ciclo caso o cap\u00f4 seja aberto durante a opera\u00e7\u00e3o.<\/li>\n<li>Enchimento e controle autom\u00e1tico do n\u00edvel de \u00e1gua do tanque de lavagem e do aquecedor de enx\u00e1gue.<\/li>\n<li>Aquecimento e controle da temperatura de lavagem atrav\u00e9s de resist\u00eancia el\u00e9trica.<\/li>\n<li>Cesto coletor dos res\u00edduos de lavagem em a\u00e7o inoxid\u00e1vel AISI 304.<\/li>\n<li>Bra\u00e7os de lavagem girat\u00f3rios, intercambi\u00e1veis, estampados em a\u00e7o inoxid\u00e1vel, dotados de bicos especiais de relevo antientupimento, que proporcionam uma eficiente a\u00e7\u00e3o mec\u00e2nica.<\/li>\n<li>Conjunto da estrutura apoiado sobre p\u00e9s dotados de sapatas de nivelamento.<\/li>\n<li>Tanque de lavagem estampado com cantos arredondados para facilitar o escoamento da \u00e1gua e a limpeza interna.<\/li>\n<li>Sistema integrado com filtro coletor de res\u00edduo e protetor da bomba de lavagem.<\/li>\n<li>C\u00e2mara de lavagem de constru\u00e7\u00e3o moderna que praticamente n\u00e3o utiliza soldagem: mais higiene.<\/li>\n<li>Aquecedor do enx\u00e1gue, incorporado, para aquecimento da \u00e1gua de enx\u00e1g\u00fce, constru\u00eddo em a\u00e7o inoxid\u00e1vel, com resist\u00eancias do tipo imers\u00e3o, controlado por termostato.<\/li>\n<li>Sistema exclusivo de controle do volume e temperatura da \u00e1gua de enx\u00e1gue, otimizando consumo de \u00e1gua, detergente e tenso ativo.<\/li>\n<li>Bra\u00e7os de enx\u00e1gue girat\u00f3rios, intercambi\u00e1veis, estampados em a\u00e7o inoxid\u00e1vel, dotados de bicos pulverizadores de alto rendimento.<\/li>\n<li>Motobomba enx\u00e1gue e de drenagem incorporada.<\/li>\n<\/ul>\n<h2>ACOMPANHAM A LAVADORA<\/h2>\n<ul>\n<li>01 gaveta lisa \u2013 modelo P6200<\/li>\n<li>01 gaveta para talheres com 16 copinhos \u2013 P6200C<\/li>\n<li>02 gavetas com pinos para pratos e bandejas \u2013 modelo P1700<\/li>\n<\/ul>\n","protected":false},"excerpt":{"rendered":"<p>Tecnologia inovadora na higieniza\u00e7\u00e3o de lou\u00e7as. Dispositivo exclusivo proporciona economia de \u00e1gua, energia e produtos. Isolamento termo-ac\u00fastico, mais efici\u00eancia com m\u00ednimo de ru\u00eddo e dispers\u00e3o t\u00e9rmica.<\/p>\n","protected":false},"featured_media":665,"template":"","meta":{"_et_pb_use_builder":"","_et_pb_old_content":"","_et_gb_content_width":""},"product_cat":[21,34],"product_tag":[],"aioseo_notices":[],"_links":{"self":[{"href":"https:\/\/rioday.com.br\/site\/wp-json\/wp\/v2\/product\/664"}],"collection":[{"href":"https:\/\/rioday.com.br\/site\/wp-json\/wp\/v2\/product"}],"about":[{"href":"https:\/\/rioday.com.br\/site\/wp-json\/wp\/v2\/types\/product"}],"wp:featuredmedia":[{"embeddable":true,"href":"https:\/\/rioday.com.br\/site\/wp-json\/wp\/v2\/media\/665"}],"wp:attachment":[{"href":"https:\/\/rioday.com.br\/site\/wp-json\/wp\/v2\/media?parent=664"}],"wp:term":[{"taxonomy":"product_cat","embeddable":true,"href":"https:\/\/rioday.com.br\/site\/wp-json\/wp\/v2\/product_cat?post=664"},{"taxonomy":"product_tag","embeddable":true,"href":"https:\/\/rioday.com.br\/site\/wp-json\/wp\/v2\/product_tag?post=664"}],"curies":[{"name":"wp","href":"https:\/\/api.w.org\/{rel}","templated":true}]}}