{"id":666,"date":"2019-06-09T07:21:04","date_gmt":"2019-06-09T10:21:04","guid":{"rendered":"https:\/\/rioday.com.br\/site\/?post_type=product&#038;p=666"},"modified":"2020-07-01T14:19:49","modified_gmt":"2020-07-01T17:19:49","slug":"lavadora-de-loucas-profi-fx-premium","status":"publish","type":"product","link":"https:\/\/rioday.com.br\/site\/p\/lavadora-de-loucas-profi-fx-premium\/","title":{"rendered":"Lavadora de Lou\u00e7as Profi FX Premium"},"content":{"rendered":"<p>O modelo Profi FX Premium \u00e9 uma lavadora confi\u00e1vel, robusta e simples na opera\u00e7\u00e3o. Higieniza pratos, copos, bandejas e demais utens\u00edlios. Ideal para uso em restaurantes de m\u00e9dio porte, pousadas, hot\u00e9is, bistr\u00f4s, cafeterias e padarias.<\/p>\n<p>F\u00e1cil opera\u00e7\u00e3o com apenas o toque de um bot\u00e3o, reduzindo o tempo em treinamentos, trazendo economia de \u00e1gua, energia e tempo para seu estabelecimento.<\/p>\n<p>\u00c9 equipada com controle visual VISIO TRONIC, que permite acompanhar o progresso da higieniza\u00e7\u00e3o da lou\u00e7a atrav\u00e9s de uma tela que \u00e9 ativada quando o usu\u00e1rio se aproxima.<\/p>\n<p>Controle inteligente de entrada de \u00e1gua, monitora continuamente o volume de res\u00edduos no tanque e adequa em tempo real a quantidade de \u00e1gua para o grau de contamina\u00e7\u00e3o.<\/p>\n<p>Possui sistema de rack duplo, isto \u00e9, duas gavetas podem ser lavadas ao mesmo tempo. A capacidade da c\u00e2mara de lavagem \u00e9 otimizada, potencializando o desempenho da lavadora.<\/p>\n<h2>SISTEMA DE FILTRO GENIUS X\u00b2<\/h2>\n<p>A Hobart possui o exclusivo e revolucion\u00e1rio Sistema Genius X\u00b2, requisito fundamental para uma boa higieniza\u00e7\u00e3o \u00e9 ter \u00e1gua limpa em todos os est\u00e1gios, utilizando menos detergente e \u00e1gua.<\/p>\n<p>O GENIUS X\u00b2 \u00e9 um sistema de filtro com fun\u00e7\u00e3o de pr\u00e9-lavagem integrado, que reduz o consumo de detergente em at\u00e9 35%.<\/p>\n<p><strong>Como funciona:<\/strong>\u00a0a \u00e1gua \u00e9 permanentemente filtrada, condi\u00e7\u00e3o essencial para um resultado ideal. Durante o ciclo de lavagem, a maioria das part\u00edculas s\u00e3o removidas durante a primeira fase de drenagem, qualquer res\u00edduo restante \u00e9 retido no filtro e ent\u00e3o removido durante a segunda drenagem, antes do enx\u00e1gue final.<\/p>\n<p>A lavadora \u00e9 reabastecida com \u00e1gua quente, esse processo final garante um perfeito resultado de lavagem. O sistema de filtro \u00e9 limpo durante a fase de drenagem.<\/p>\n<h2>CONSTRU\u00c7\u00c3O:<\/h2>\n<ul>\n<li>Estrutura, tanque, pain\u00e9is e cobertura constru\u00eddos em chapa de a\u00e7o inoxid\u00e1vel. Demais materiais utilizados oferecem resist\u00eancia \u00e0 a\u00e7\u00e3o corrosiva de detergentes e \u00e1cidos dos alimentos.<\/li>\n<li>Porta dupla estampada para isolamento t\u00e9rmico e ac\u00fastico.<\/li>\n<\/ul>\n<h2>BENEF\u00cdCIOS E DIFERENCIAIS<\/h2>\n<ul>\n<li>Abertura completa da porta, atrav\u00e9s de molas a g\u00e1s \u2013 sistema de f\u00e1cil e leve manuseio.<\/li>\n<li>Dispositivo de seguran\u00e7a que interrompe o ciclo caso a porta seja aberta durante a opera\u00e7\u00e3o.<\/li>\n<li>Enchimento e controle autom\u00e1tico do n\u00edvel de \u00e1gua do tanque de lavagem e do aquecedor de enx\u00e1gue.<\/li>\n<li>Aquecimento e controle da temperatura de lavagem aos 55\u00ba\/60\u00baC atrav\u00e9s de resist\u00eancia el\u00e9trica.<\/li>\n<li>Cesto coletor dos res\u00edduos de lavagem com sistema GeniusX\u00b2 de filtragem incorporado.<\/li>\n<li>Bra\u00e7os de lavagem girat\u00f3rios, intercambi\u00e1veis, injetados, dotados de bicos especiais de relevo antientupimento, que proporcionam uma eficiente a\u00e7\u00e3o mec\u00e2nica.<\/li>\n<li>Tanque de lavagem estampado com cantos arredondados para facilitar o escoamento da \u00e1gua e a limpeza interna.<\/li>\n<li>Sistema integrado com filtro coletor de res\u00edduos e protetores da bomba de lavagem.<\/li>\n<li>C\u00e2mara de lavagem de constru\u00e7\u00e3o moderna que praticamente n\u00e3o utiliza solda: mais higiene.<\/li>\n<li>Aquecedor do enx\u00e1g\u00fce, incorporado, para aquecimento da \u00e1gua de enx\u00e1g\u00fce, com resist\u00eancia do tipo imers\u00e3o, controlada por sensor de temperatura.<\/li>\n<li>Sistema de controle do volume e temperatura da \u00e1gua de enx\u00e1gue, otimizando consumo de \u00e1gua, detergente e aditivo secante.<\/li>\n<li>Bra\u00e7os de enx\u00e1gue tipo pin\u00e7a girat\u00f3rios, intercambi\u00e1veis, estampados em a\u00e7o inoxid\u00e1vel, dotados de bicos pulverizadores de alto rendimento, que proporcionam f\u00e1cil manuseio.<\/li>\n<li>Moto-bomba enx\u00e1gue e drenagem incorporada.<\/li>\n<li>Painel de Comando dotado de autodiagn\u00f3stico de fun\u00e7\u00f5es e falhas. Eletr\u00f4nico &#8211; tipo cristal l\u00edquido. Instalado no bordo superior da m\u00e1quina, munido de sensor de aproxima\u00e7\u00e3o, que facilita a opera\u00e7\u00e3o e a visualiza\u00e7\u00e3o dos comandos.<\/li>\n<\/ul>\n<h2>ACOMPANHAM A LAVADORA<\/h2>\n<ul>\n<li>01 gaveta lisa \u2013 modelo P6200-1<\/li>\n<li>01 gaveta para talheres com 16 copinhos \u2013 P6200C<\/li>\n<li>01 gaveta com pinos para pratos e bandejas \u2013 modelo P1700<\/li>\n<li>02 insertes laterais para pratos (B\u2013385270) e 01 central (B\u2013385271)<\/li>\n<li>Preparada para instala\u00e7\u00e3o de mangueira do detergente e do secante<\/li>\n<\/ul>\n","protected":false},"excerpt":{"rendered":"<p>O modelo Profi FX Premium \u00e9 uma lavadora confi\u00e1vel, robusta e simples na opera\u00e7\u00e3o. Higieniza pratos, copos, bandejas e demais utens\u00edlios. Ideal para uso em restaurantes de m\u00e9dio porte, pousadas, hot\u00e9is, bistr\u00f4s, cafeterias e padarias.<\/p>\n","protected":false},"featured_media":667,"template":"","meta":{"_et_pb_use_builder":"","_et_pb_old_content":"","_et_gb_content_width":""},"product_cat":[21,34],"product_tag":[],"aioseo_notices":[],"_links":{"self":[{"href":"https:\/\/rioday.com.br\/site\/wp-json\/wp\/v2\/product\/666"}],"collection":[{"href":"https:\/\/rioday.com.br\/site\/wp-json\/wp\/v2\/product"}],"about":[{"href":"https:\/\/rioday.com.br\/site\/wp-json\/wp\/v2\/types\/product"}],"wp:featuredmedia":[{"embeddable":true,"href":"https:\/\/rioday.com.br\/site\/wp-json\/wp\/v2\/media\/667"}],"wp:attachment":[{"href":"https:\/\/rioday.com.br\/site\/wp-json\/wp\/v2\/media?parent=666"}],"wp:term":[{"taxonomy":"product_cat","embeddable":true,"href":"https:\/\/rioday.com.br\/site\/wp-json\/wp\/v2\/product_cat?post=666"},{"taxonomy":"product_tag","embeddable":true,"href":"https:\/\/rioday.com.br\/site\/wp-json\/wp\/v2\/product_tag?post=666"}],"curies":[{"name":"wp","href":"https:\/\/api.w.org\/{rel}","templated":true}]}}