{"id":673,"date":"2019-06-09T07:41:23","date_gmt":"2019-06-09T10:41:23","guid":{"rendered":"https:\/\/rioday.com.br\/site\/?post_type=product&#038;p=673"},"modified":"2020-07-01T14:19:26","modified_gmt":"2020-07-01T17:19:26","slug":"forno-petit-eletrico-perfecta","status":"publish","type":"product","link":"https:\/\/rioday.com.br\/site\/p\/forno-petit-eletrico-perfecta\/","title":{"rendered":"Forno Petit El\u00e9trico Perfecta"},"content":{"rendered":"<h2>Forno Petit El\u00e9trico Perfecta<\/h2>\n<ul>\n<li>Ideal para produ\u00e7\u00f5es de grande porte, assa todos os tipos de p\u00e3es e confeitos. Prepara biscoitos, suspiros e produtos desidratados (equipamento sob consulta).<\/li>\n<li>Possui sistema de carro fixo e painel digital.<\/li>\n<li>*Este equipamento n\u00e3o acompanha assadeiras. Carros sob consulta.<\/li>\n<\/ul>\n","protected":false},"excerpt":{"rendered":"<p>Ideal para produ\u00e7\u00f5es de grande porte, assa todos os tipos de p\u00e3es e confeitos. Prepara biscoitos, suspiros e produtos desidratados<\/p>\n","protected":false},"featured_media":674,"template":"","meta":{"_et_pb_use_builder":"","_et_pb_old_content":"","_et_gb_content_width":""},"product_cat":[22,35],"product_tag":[],"aioseo_notices":[],"_links":{"self":[{"href":"https:\/\/rioday.com.br\/site\/wp-json\/wp\/v2\/product\/673"}],"collection":[{"href":"https:\/\/rioday.com.br\/site\/wp-json\/wp\/v2\/product"}],"about":[{"href":"https:\/\/rioday.com.br\/site\/wp-json\/wp\/v2\/types\/product"}],"wp:featuredmedia":[{"embeddable":true,"href":"https:\/\/rioday.com.br\/site\/wp-json\/wp\/v2\/media\/674"}],"wp:attachment":[{"href":"https:\/\/rioday.com.br\/site\/wp-json\/wp\/v2\/media?parent=673"}],"wp:term":[{"taxonomy":"product_cat","embeddable":true,"href":"https:\/\/rioday.com.br\/site\/wp-json\/wp\/v2\/product_cat?post=673"},{"taxonomy":"product_tag","embeddable":true,"href":"https:\/\/rioday.com.br\/site\/wp-json\/wp\/v2\/product_tag?post=673"}],"curies":[{"name":"wp","href":"https:\/\/api.w.org\/{rel}","templated":true}]}}