{"id":700,"date":"2019-06-09T10:25:57","date_gmt":"2019-06-09T13:25:57","guid":{"rendered":"https:\/\/rioday.com.br\/site\/?post_type=product&#038;p=700"},"modified":"2025-09-22T15:13:19","modified_gmt":"2025-09-22T18:13:19","slug":"fatiador-hobart-hmd30","status":"publish","type":"product","link":"https:\/\/rioday.com.br\/site\/p\/fatiador-hobart-hmd30\/","title":{"rendered":"Fatiador Hobart HMD30"},"content":{"rendered":"<p>Robustez, durabilidade, qualidade superior, fatiamento consistente e seguran\u00e7a s\u00e3o atributos \u00fanicos do <strong>Fatiador de Frios<\/strong> HMD 30 Hobart.<br \/>\nEspecialmente projetado para atender supermercados, emp\u00f3rios e padarias.<\/p>\n<p><strong>Atende \u00e0 NR12 do MTE e \u00e0 Portaria 371 do INMETRO.<\/strong><\/p>\n<h2>BENEF\u00cdCIOS E DIFERENCIAIS<\/h2>\n<p><strong>OPERA\u00c7\u00c3O:<\/strong><\/p>\n<ul>\n<li>Estrutura em alum\u00ednio anodizado com cantos arredondados;<\/li>\n<li>02 motores independentes, um para o movimento da l\u00e2mina e o outro para a bandeja de produtos;<\/li>\n<li>Opera\u00e7\u00e3o somente no modo autom\u00e1tico, com uma \u00fanica velocidade e um curso.<\/li>\n<\/ul>\n<p><strong>SEGURAN\u00c7A:<\/strong><\/p>\n<ul>\n<li>Bot\u00e3o de emerg\u00eancia, bot\u00e3o rearme e chave geral;<\/li>\n<li>Sensores internos na prote\u00e7\u00e3o da L\u00e2mina e afiador que evita o funcionamento, caso estes n\u00e3o estejam posicionados;<\/li>\n<li>Comando el\u00e9trico interno conforme a NR12: rel\u00ea de seguran\u00e7a e fonte 24Vcc;<\/li>\n<li>Trava de seguran\u00e7a mec\u00e2nica que bloqueia a abertura da l\u00e2mina no momento em que a bandeja de produtos \u00e9 removida para higieniza\u00e7\u00e3o;<\/li>\n<\/ul>\n<p>Diferenciado conjunto de afia\u00e7\u00e3o da l\u00e2mina incorporado ao equipamento para uma r\u00e1pida afia\u00e7\u00e3o em poucos segundos, de uso simples e seguro.<\/p>\n","protected":false},"excerpt":{"rendered":"<h2><strong><span style=\"color: #387fb1;\">R$22.102,61 * Pre\u00e7o exclusivo RJ<\/span><\/strong><\/h2>\n<p>Robustez, durabilidade, qualidade superior, fatiamento consistente e seguran\u00e7a s\u00e3o atributos \u00fanicos do <strong>Fatiador de Frios<\/strong> HMD 30 Hobart. Especialmente projetado para atender supermercados, emp\u00f3rios e padarias.<\/p>\n<p><a title=\"Condi\u00e7\u00f5es de parcelamento\" href=\"https:\/\/wa.me\/5521999878038\" target=\"_blank\" rel=\"nofollow noopener\"><img loading=\"lazy\" decoding=\"async\" class=\"alignnone wp-image-4492 size-full\" title=\"Clique e consulte as condi\u00e7\u00f5es de parcelamento!\" src=\"https:\/\/rioday.com.br\/site\/wp-content\/uploads\/2019\/05\/btn-parcela.png\" alt=\"Condi\u00e7\u00f5es de parcelamento\" width=\"331\" height=\"88\" srcset=\"https:\/\/rioday.com.br\/site\/wp-content\/uploads\/2019\/05\/btn-parcela.png 331w, https:\/\/rioday.com.br\/site\/wp-content\/uploads\/2019\/05\/btn-parcela-300x80.png 300w\" sizes=\"(max-width: 331px) 100vw, 331px\" \/><\/a><\/p>\n<p><span style=\"color: #ff0000;\"><strong>*OBS: <span style=\"color: #000000;\">No caso de parcelamento, este produto por j\u00e1 ter um pre\u00e7o diferenciado, estar\u00e1 sujeito a cobran\u00e7a de juros.<\/span><\/strong><\/span><\/p>\n<p>Para Ver todos os <strong>fatiadores<\/strong> <a href=\"https:\/\/rioday.com.br\/site\/fatiador-de-frios-hobart\/\"><strong>clique aqui<\/strong><\/a>!<\/p>\n","protected":false},"featured_media":701,"template":"","meta":{"_et_pb_use_builder":"","_et_pb_old_content":"","_et_gb_content_width":""},"product_cat":[150,158,34,23],"product_tag":[],"aioseo_notices":[],"_links":{"self":[{"href":"https:\/\/rioday.com.br\/site\/wp-json\/wp\/v2\/product\/700"}],"collection":[{"href":"https:\/\/rioday.com.br\/site\/wp-json\/wp\/v2\/product"}],"about":[{"href":"https:\/\/rioday.com.br\/site\/wp-json\/wp\/v2\/types\/product"}],"wp:featuredmedia":[{"embeddable":true,"href":"https:\/\/rioday.com.br\/site\/wp-json\/wp\/v2\/media\/701"}],"wp:attachment":[{"href":"https:\/\/rioday.com.br\/site\/wp-json\/wp\/v2\/media?parent=700"}],"wp:term":[{"taxonomy":"product_cat","embeddable":true,"href":"https:\/\/rioday.com.br\/site\/wp-json\/wp\/v2\/product_cat?post=700"},{"taxonomy":"product_tag","embeddable":true,"href":"https:\/\/rioday.com.br\/site\/wp-json\/wp\/v2\/product_tag?post=700"}],"curies":[{"name":"wp","href":"https:\/\/api.w.org\/{rel}","templated":true}]}}