{"id":702,"date":"2019-06-09T10:27:57","date_gmt":"2019-06-09T13:27:57","guid":{"rendered":"https:\/\/rioday.com.br\/site\/?post_type=product&#038;p=702"},"modified":"2025-09-22T15:03:26","modified_gmt":"2025-09-22T18:03:26","slug":"fatiador-hobart-hcm30","status":"publish","type":"product","link":"https:\/\/rioday.com.br\/site\/p\/fatiador-hobart-hcm30\/","title":{"rendered":"Fatiador Hobart HCM30"},"content":{"rendered":"<h2>Fatiador Hobart HCM30<\/h2>\n<p>A melhor op\u00e7\u00e3o custo\/benef\u00edcio para supermercados, panificadoras e restaurantes de pequeno e m\u00e9dio porte.Fatia com precis\u00e3o e qualidade.\u00a0Possui cantos arredondados e sem frestas que facilitam a higieniza\u00e7\u00e3o.<\/p>\n<p><strong>Este equipamento atende a NR12 do MTE e Portaria 371 do INMETRO.<\/strong><\/p>\n<h2>BENEF\u00cdCIOS E DIFERENCIAIS<\/h2>\n<p><strong>OPERA\u00c7\u00c3O:<\/strong><\/p>\n<ul>\n<li>Carro suporte de frios com o movimento leve e macio, que facilita a opera\u00e7\u00e3o e ganho de produtividade;<\/li>\n<li>Corpo \u00fanico superior constru\u00eddo em alum\u00ednio anodizado sanit\u00e1rio, com cantos arredondados e sem frestas;<\/li>\n<li>Permite a desmontagem manual dos principais componentes que tenham contato com alimento para uma completa higieniza\u00e7\u00e3o.<\/li>\n<\/ul>\n<p><strong>SEGURAN\u00c7A:<\/strong><\/p>\n<ul>\n<li>Bot\u00e3o de emerg\u00eancia, Bot\u00e3o Rearme e Chave Geral;<\/li>\n<li>Sensores de duplo canal na prote\u00e7\u00e3o da l\u00e2mina e conjunto de afia\u00e7\u00e3o que evita o funcionamento se n\u00e3o estiverem posicionados;<\/li>\n<li>Comando el\u00e9trico conforme a NR12: rel\u00eas de duplo canal, fonte 24vcc, contator duplo;<\/li>\n<li>Trava de seguran\u00e7a mec\u00e2nica: bloqueia a abertura da l\u00e2mina ao remover o carro suporte de frios para higieniza\u00e7\u00e3o;<\/li>\n<li>Diferenciado conjunto de afia\u00e7\u00e3o da l\u00e2mina incorporado ao equipamento para uma r\u00e1pida afia\u00e7\u00e3o em apenas 10 segundos, de uso simples e seguro.<\/li>\n<\/ul>\n","protected":false},"excerpt":{"rendered":"<h2><strong><span style=\"color: #387fb1;\">R$11.989,00\u00a0 * Pre\u00e7o exclusivo RJ<\/span><\/strong><\/h2>\n<p>A melhor op\u00e7\u00e3o custo\/benef\u00edcio para supermercados, panificadoras e restaurantes de pequeno e m\u00e9dio porte. Fatia com precis\u00e3o e qualidade. Possui cantos arredondados e sem frestas que facilitam a higieniza\u00e7\u00e3o.<\/p>\n<p><a title=\"Condi\u00e7\u00f5es de parcelamento\" href=\"https:\/\/wa.me\/5521999878038\" target=\"_blank\" rel=\"nofollow noopener\"><img loading=\"lazy\" decoding=\"async\" class=\"alignnone wp-image-4492 size-full\" title=\"Clique e consulte as condi\u00e7\u00f5es de parcelamento!\" src=\"https:\/\/rioday.com.br\/site\/wp-content\/uploads\/2019\/05\/btn-parcela.png\" alt=\"Condi\u00e7\u00f5es de parcelamento\" width=\"331\" height=\"88\" srcset=\"https:\/\/rioday.com.br\/site\/wp-content\/uploads\/2019\/05\/btn-parcela.png 331w, https:\/\/rioday.com.br\/site\/wp-content\/uploads\/2019\/05\/btn-parcela-300x80.png 300w\" sizes=\"(max-width: 331px) 100vw, 331px\" \/><\/a><\/p>\n<p><span style=\"color: #ff0000;\"><strong>*OBS: <span style=\"color: #000000;\">No caso de parcelamento, este produto por j\u00e1 ter um pre\u00e7o diferenciado, estar\u00e1 sujeito a cobran\u00e7a de juros.<\/span><\/strong><\/span><\/p>\n<p>Para Ver todos os <strong>fatiadores<\/strong> <a href=\"https:\/\/rioday.com.br\/site\/fatiador-de-frios-hobart\/\"><strong>clique aqui<\/strong><\/a>!<\/p>\n","protected":false},"featured_media":1892,"template":"","meta":{"_et_pb_use_builder":"","_et_pb_old_content":"","_et_gb_content_width":""},"product_cat":[150,158,34,23],"product_tag":[],"aioseo_notices":[],"_links":{"self":[{"href":"https:\/\/rioday.com.br\/site\/wp-json\/wp\/v2\/product\/702"}],"collection":[{"href":"https:\/\/rioday.com.br\/site\/wp-json\/wp\/v2\/product"}],"about":[{"href":"https:\/\/rioday.com.br\/site\/wp-json\/wp\/v2\/types\/product"}],"wp:featuredmedia":[{"embeddable":true,"href":"https:\/\/rioday.com.br\/site\/wp-json\/wp\/v2\/media\/1892"}],"wp:attachment":[{"href":"https:\/\/rioday.com.br\/site\/wp-json\/wp\/v2\/media?parent=702"}],"wp:term":[{"taxonomy":"product_cat","embeddable":true,"href":"https:\/\/rioday.com.br\/site\/wp-json\/wp\/v2\/product_cat?post=702"},{"taxonomy":"product_tag","embeddable":true,"href":"https:\/\/rioday.com.br\/site\/wp-json\/wp\/v2\/product_tag?post=702"}],"curies":[{"name":"wp","href":"https:\/\/api.w.org\/{rel}","templated":true}]}}