{"id":704,"date":"2019-06-09T10:34:35","date_gmt":"2019-06-09T13:34:35","guid":{"rendered":"https:\/\/rioday.com.br\/site\/?post_type=product&#038;p=704"},"modified":"2020-07-01T14:17:29","modified_gmt":"2020-07-01T17:17:29","slug":"fatiador-upx-laser-300","status":"publish","type":"product","link":"https:\/\/rioday.com.br\/site\/p\/fatiador-upx-laser-300\/","title":{"rendered":"Fatiador UPX Laser 300"},"content":{"rendered":"<h2>Fatiador UPX Laser 300<\/h2>\n<p>O cortador Laser 300 foi confeccionado aliando a robustez e design, possui um acabamento luxuoso e sofisticado. Suas pe\u00e7as que entram em contato com os alimentos s\u00e3o confeccionadas em alum\u00ednio anodizado, que facilita a higieniza\u00e7\u00e3o do produto, al\u00e9m de facilitar o deslizamento das pe\u00e7as de frios.<\/p>\n<p><strong>CARACTER\u00cdSTICAS DO FATIADOR LASER 300<\/strong><\/p>\n<p><strong>Movimento: <\/strong>Manual<br \/>\n<strong>Di\u00e2metro da L\u00e2mina:<\/strong> 300mm<br \/>\n<strong>Material Base:<\/strong> Alum\u00ednio Anodizado<br \/>\n<strong>Rota\u00e7\u00f5es\/Minuto:<\/strong> 220<br \/>\n<strong>Tens\u00e3o Alimentac\u00e3o (Vca):<\/strong> 110\/220 com chave seletora<br \/>\n<strong>Pot\u00eancia do Motor:<\/strong> 1\/3 hp<br \/>\n<strong>Dispositivo de Seguran\u00e7a:<\/strong> NR-12<br \/>\n<strong>Certifica\u00e7\u00e3o:<\/strong> INMETRO Nro. 218.123_12<br \/>\n<strong>Abertura de Corte M\u00e1xima:<\/strong> 5mm<br \/>\n<strong>M\u00ednima:<\/strong> 1mm<br \/>\n<strong>Dimens\u00f5es (L x C x A):<\/strong> 550 x 440 x 420mm<br \/>\n<strong>Dimens\u00f5es (Embalagem):<\/strong> 620 x 530 x 510mm<br \/>\n<strong>Acess\u00f3rios Inclusos: <\/strong><\/p>\n<ul>\n<li>Conjunto de afiar e desbastar l\u00e2mina<\/li>\n<li>Acr\u00edlico de prote\u00e7\u00e3o (NR-12)<\/li>\n<li>Sensor de seguran\u00e7a (NR-12)<\/li>\n<li>LED indicador de anomalia na opera\u00e7\u00e3o<\/li>\n<\/ul>\n<p><strong>Garantia 6 Meses<\/strong><\/p>\n","protected":false},"excerpt":{"rendered":"<p>O cortador Laser 300 foi confeccionado aliando a robustez e design, possui um acabamento luxuoso e sofisticado.<\/p>\n","protected":false},"featured_media":705,"template":"","meta":{"_et_pb_use_builder":"","_et_pb_old_content":"","_et_gb_content_width":""},"product_cat":[34,23],"product_tag":[],"aioseo_notices":[],"_links":{"self":[{"href":"https:\/\/rioday.com.br\/site\/wp-json\/wp\/v2\/product\/704"}],"collection":[{"href":"https:\/\/rioday.com.br\/site\/wp-json\/wp\/v2\/product"}],"about":[{"href":"https:\/\/rioday.com.br\/site\/wp-json\/wp\/v2\/types\/product"}],"wp:featuredmedia":[{"embeddable":true,"href":"https:\/\/rioday.com.br\/site\/wp-json\/wp\/v2\/media\/705"}],"wp:attachment":[{"href":"https:\/\/rioday.com.br\/site\/wp-json\/wp\/v2\/media?parent=704"}],"wp:term":[{"taxonomy":"product_cat","embeddable":true,"href":"https:\/\/rioday.com.br\/site\/wp-json\/wp\/v2\/product_cat?post=704"},{"taxonomy":"product_tag","embeddable":true,"href":"https:\/\/rioday.com.br\/site\/wp-json\/wp\/v2\/product_tag?post=704"}],"curies":[{"name":"wp","href":"https:\/\/api.w.org\/{rel}","templated":true}]}}