{"id":708,"date":"2019-06-09T10:51:47","date_gmt":"2019-06-09T13:51:47","guid":{"rendered":"https:\/\/rioday.com.br\/site\/?post_type=product&#038;p=708"},"modified":"2020-07-01T14:17:21","modified_gmt":"2020-07-01T17:17:21","slug":"processador-cl60-robot-coupe","status":"publish","type":"product","link":"https:\/\/rioday.com.br\/site\/p\/processador-cl60-robot-coupe\/","title":{"rendered":"Processador CL60 Robot Coupe"},"content":{"rendered":"<h2>Processador CL60 Robot Coupe<\/h2>\n<ul>\n<li>Boca autom\u00e1tico Para todos os legumes em volume (tomates, cebolas, batatas&#8230;)<\/li>\n<li>BOCA COM ALAVANCA volumosos, como repolhos ou aipos<\/li>\n<li>BOCA COM 4 TUBOS Especialmente concebido para legumes com-pridos, como os pepino e as courgettes.<\/li>\n<li>Equipamento para pur\u00e9 Realizar facilmente um pur\u00e9 com batatas frescas em grande quantidade.<\/li>\n<li>PACK DISCOS FRESCURA* Para todas as apresenta\u00e7\u00f5es de frutos e legumes 16 DISCOS<\/li>\n<li>As bocas movem-se no alinhamento do bloco motor<\/li>\n<li>CONSTRU\u00c7\u00c3O ROBUSTA M\u00e1quina integralmente em a\u00e7o inoxid\u00e1vel exceto a base da boca, em alum\u00ednio<\/li>\n<li>MANIPULA\u00c7\u00c3O F\u00c1CIL A sua dimens\u00e3o razo\u00e1vel e o seu equipamento com 2 rodas e uma pega permitem deslocar a m\u00e1quina muito facilmente.<\/li>\n<li>PRODUTIVIDADE Bandeja de alimenta\u00e7\u00e3o em a\u00e7o inoxid\u00e1vel, para abastecer a m\u00e1quina em cont\u00ednuo.<\/li>\n<li>2 velocidades<\/li>\n<li>2 velocidades trif\u00e1sico:375 rpm e 750 rpm<\/li>\n<li>Velocidade vari\u00e1vel CL 60 V.V. possui um variador de velocidade, de 100 a 1000 rpm,permitindo adaptar a velocidade \u00e0 textura do produto e ao tipo de CORTE.<\/li>\n<\/ul>\n","protected":false},"excerpt":{"rendered":"<p>O Processador CL60 Robot Coupe possui boca autom\u00e1tica para todos os legumes em volume (tomates, cebolas, batatas&#8230;)<\/p>\n","protected":false},"featured_media":710,"template":"","meta":{"_et_pb_use_builder":"","_et_pb_old_content":"","_et_gb_content_width":""},"product_cat":[23,33],"product_tag":[],"aioseo_notices":[],"_links":{"self":[{"href":"https:\/\/rioday.com.br\/site\/wp-json\/wp\/v2\/product\/708"}],"collection":[{"href":"https:\/\/rioday.com.br\/site\/wp-json\/wp\/v2\/product"}],"about":[{"href":"https:\/\/rioday.com.br\/site\/wp-json\/wp\/v2\/types\/product"}],"wp:featuredmedia":[{"embeddable":true,"href":"https:\/\/rioday.com.br\/site\/wp-json\/wp\/v2\/media\/710"}],"wp:attachment":[{"href":"https:\/\/rioday.com.br\/site\/wp-json\/wp\/v2\/media?parent=708"}],"wp:term":[{"taxonomy":"product_cat","embeddable":true,"href":"https:\/\/rioday.com.br\/site\/wp-json\/wp\/v2\/product_cat?post=708"},{"taxonomy":"product_tag","embeddable":true,"href":"https:\/\/rioday.com.br\/site\/wp-json\/wp\/v2\/product_tag?post=708"}],"curies":[{"name":"wp","href":"https:\/\/api.w.org\/{rel}","templated":true}]}}