{"id":711,"date":"2019-06-09T10:55:27","date_gmt":"2019-06-09T13:55:27","guid":{"rendered":"https:\/\/rioday.com.br\/site\/?post_type=product&#038;p=711"},"modified":"2020-07-01T14:17:13","modified_gmt":"2020-07-01T17:17:13","slug":"multiprocessador-fp100-3-pack-hobart","status":"publish","type":"product","link":"https:\/\/rioday.com.br\/site\/p\/multiprocessador-fp100-3-pack-hobart\/","title":{"rendered":"Multiprocessador FP100 \/ 3 pack Hobart"},"content":{"rendered":"<h2>Multiprocessador FP100 \/ 3 pack Hobart<\/h2>\n<p>O multiprocessador FP100 corta em cubos e palitos frutas e legumes, desfia e rala queijos, fatia em rodelas finas com uniformidade e muita rapidez e seguran\u00e7a.<\/p>\n<p>Acompanham o FP100 as placas fatiadoras de 1,5 e 4,0mm, a placa desfiadora de 4,5mm, a placa removedora, um suporte pl\u00e1stico de parede para 3 placas e uma escova pl\u00e1stica de cerdas duras para limpeza.<\/p>\n<p><strong>CAPACIDADE MEC\u00c2NICA<\/strong><\/p>\n<ul>\n<li>At\u00e9 6 kg por minuto.<\/li>\n<\/ul>\n<p><strong>DIMENS\u00d5ES (mm)<\/strong><\/p>\n<ul>\n<li>Di\u00e2metro: 210;<\/li>\n<li>Comprimento: 495;<\/li>\n<li>Altura: 410;<\/li>\n<\/ul>\n<p><strong>EMBALAGEM (mm)<\/strong><\/p>\n<ul>\n<li>L x P x H (mm): 410 x 550 x 620<\/li>\n<li>Peso l\u00edquido (kg): 20<\/li>\n<li>Peso bruto (kg): 25<\/li>\n<\/ul>\n<p><strong>ECONOMIAS<\/strong><\/p>\n<ul>\n<li>Significativa redu\u00e7\u00e3o do tempo e de m\u00e3o-de-obra com padroniza\u00e7\u00e3o de cortes;<\/li>\n<li>Aproveitamento total dos alimentos.<\/li>\n<\/ul>\n<p><strong>BENEF\u00cdCIOS<\/strong><\/p>\n<ul>\n<li>Bocal tubular de abastecimento cont\u00ednuo;<\/li>\n<li>Grande n\u00famero de placas de corte em diferentes tamanhos e formatos;<\/li>\n<li>Pouco contato manual: mais seguran\u00e7a e higiene. O equipamento p\u00e1ra quando o empurrador \u00e9 retirado do bocal de alimenta\u00e7\u00e3o. A trava \u00e9 acionada automaticamente com o fechamento da tampa e o empurrador colocado na posi\u00e7\u00e3o de trabalho;<\/li>\n<li>P\u00e9s antiderrapantes;<\/li>\n<li>Al\u00e7a para f\u00e1cil transporte;<\/li>\n<li>O alimento processado \u00e9 automaticamente retirado da \u00e1rea de processamento;<\/li>\n<li>Botoeiras (liga e desliga) localizados na lateral direita;<\/li>\n<li>Motor com transmiss\u00e3o por engrenagens, vedado a \u00e1gua;<\/li>\n<\/ul>\n<p><strong>DADOS T\u00c9CNICOS<\/strong><\/p>\n<ul>\n<li>Voltagem (V): 220\/60\/1.<\/li>\n<li>Motor: \u00bd HP.<\/li>\n<\/ul>\n","protected":false},"excerpt":{"rendered":"<p>O multiprocessador FP100 corta em cubos e palitos frutas e legumes, desfia e rala queijos, fatia em rodelas finas com uniformidade e muita rapidez e seguran\u00e7a.<\/p>\n","protected":false},"featured_media":712,"template":"","meta":{"_et_pb_use_builder":"","_et_pb_old_content":"","_et_gb_content_width":""},"product_cat":[23,33],"product_tag":[],"aioseo_notices":[],"_links":{"self":[{"href":"https:\/\/rioday.com.br\/site\/wp-json\/wp\/v2\/product\/711"}],"collection":[{"href":"https:\/\/rioday.com.br\/site\/wp-json\/wp\/v2\/product"}],"about":[{"href":"https:\/\/rioday.com.br\/site\/wp-json\/wp\/v2\/types\/product"}],"wp:featuredmedia":[{"embeddable":true,"href":"https:\/\/rioday.com.br\/site\/wp-json\/wp\/v2\/media\/712"}],"wp:attachment":[{"href":"https:\/\/rioday.com.br\/site\/wp-json\/wp\/v2\/media?parent=711"}],"wp:term":[{"taxonomy":"product_cat","embeddable":true,"href":"https:\/\/rioday.com.br\/site\/wp-json\/wp\/v2\/product_cat?post=711"},{"taxonomy":"product_tag","embeddable":true,"href":"https:\/\/rioday.com.br\/site\/wp-json\/wp\/v2\/product_tag?post=711"}],"curies":[{"name":"wp","href":"https:\/\/api.w.org\/{rel}","templated":true}]}}