{"id":717,"date":"2019-06-09T11:09:33","date_gmt":"2019-06-09T14:09:33","guid":{"rendered":"https:\/\/rioday.com.br\/site\/?post_type=product&#038;p=717"},"modified":"2020-07-01T14:16:54","modified_gmt":"2020-07-01T17:16:54","slug":"cutter-robot-coup-r3","status":"publish","type":"product","link":"https:\/\/rioday.com.br\/site\/p\/cutter-robot-coup-r3\/","title":{"rendered":"Cutter Robot Coupe R3"},"content":{"rendered":"<h2>Cutter Robot Coupe R3<\/h2>\n<p>Desenvolvido para processar todos os tipos de alimentos seja em misturar, moer, picar, amassar e pur\u00ea, com velocidade e efici\u00eancia, dando consist\u00eancia e qualidade final aos produtos. Modelo fabricado para realizar picados, recheios finos, emuls\u00f5es, mousses, triturados e amassados com uma qualidade impec\u00e1vel de produto acabado.<\/p>\n<p><strong>Aconselhado para 10 a 30 refei\u00e7\u00f5es.<\/strong><\/p>\n<h3>Especifica\u00e7\u00f5es t\u00e9cnicas:<\/h3>\n<ul>\n<li>Pot\u00eancia : 650W<\/li>\n<li>Voltagem : 220V\/1F<\/li>\n<li>1 velocidade : 1800 r.p.m.<\/li>\n<li>Bloco motor em poilicarbonato.<\/li>\n<li>Fun\u00e7\u00e3o impulso.<\/li>\n<li>Motor ass\u00edncrono.<\/li>\n<li>Seguran\u00e7a magn\u00e9tica e freio do motor.<\/li>\n<li>Fornecido com : Cuba c\u00fater de 3,7 litros inox com pega e l\u00e2mina de corte lisa em inox.<\/li>\n<\/ul>\n","protected":false},"excerpt":{"rendered":"<p>Aconselhado para 10 a 30 refei\u00e7\u00f5es. Desenvolvido para processar todos os tipos de alimentos seja em misturar, moer, picar, amassar e pur\u00ea, com velocidade e efici\u00eancia, dando consist\u00eancia e qualidade final aos produtos.<\/p>\n","protected":false},"featured_media":718,"template":"","meta":{"_et_pb_use_builder":"","_et_pb_old_content":"","_et_gb_content_width":""},"product_cat":[23,33],"product_tag":[],"aioseo_notices":[],"_links":{"self":[{"href":"https:\/\/rioday.com.br\/site\/wp-json\/wp\/v2\/product\/717"}],"collection":[{"href":"https:\/\/rioday.com.br\/site\/wp-json\/wp\/v2\/product"}],"about":[{"href":"https:\/\/rioday.com.br\/site\/wp-json\/wp\/v2\/types\/product"}],"wp:featuredmedia":[{"embeddable":true,"href":"https:\/\/rioday.com.br\/site\/wp-json\/wp\/v2\/media\/718"}],"wp:attachment":[{"href":"https:\/\/rioday.com.br\/site\/wp-json\/wp\/v2\/media?parent=717"}],"wp:term":[{"taxonomy":"product_cat","embeddable":true,"href":"https:\/\/rioday.com.br\/site\/wp-json\/wp\/v2\/product_cat?post=717"},{"taxonomy":"product_tag","embeddable":true,"href":"https:\/\/rioday.com.br\/site\/wp-json\/wp\/v2\/product_tag?post=717"}],"curies":[{"name":"wp","href":"https:\/\/api.w.org\/{rel}","templated":true}]}}