{"id":719,"date":"2019-06-09T11:12:17","date_gmt":"2019-06-09T14:12:17","guid":{"rendered":"https:\/\/rioday.com.br\/site\/?post_type=product&#038;p=719"},"modified":"2020-07-01T14:16:46","modified_gmt":"2020-07-01T17:16:46","slug":"cutter-robot-coupe-r5","status":"publish","type":"product","link":"https:\/\/rioday.com.br\/site\/p\/cutter-robot-coupe-r5\/","title":{"rendered":"Cutter Robot Coupe R5"},"content":{"rendered":"<h2>Cutter Robot Coupe R5<\/h2>\n<p>Desenvolvido para processar todos os tipos de alimentos seja em misturar, moer, picar, amassar e pur\u00ea, com velocidade e efici\u00eancia, dando consist\u00eancia e qualidade final aos produtos. Modelo fabricado para realizar picados, recheios finos, emuls\u00f5es, mousses, triturados e amassados com uma qualidade impec\u00e1vel de produto acabado.\u00a0A velocidade de 3000 rpm \u00e9 aconselh\u00e1vel para as mousses e os recheios finos.<\/p>\n<p><strong>Aconselhado para 20 a 80 refei\u00e7\u00f5es.<\/strong><\/p>\n<h3>Especifica\u00e7\u00f5es t\u00e9cnicas:<\/h3>\n<ul>\n<li>Pot\u00eancia : 1100W<\/li>\n<li>2 velocidades : 1800 e 3600 r.p.m.<\/li>\n<li>Bloco do motor met\u00e1lico.<\/li>\n<li>Fun\u00e7\u00e3o impulso.<\/li>\n<li>Fornecido com : Cuba Cuter de 5,5 litros com pega e lamina de corte lisa em inox.<\/li>\n<\/ul>\n","protected":false},"excerpt":{"rendered":"<p>Aconselhado para 20 a 80 refei\u00e7\u00f5es. Desenvolvido para processar todos os tipos de alimentos seja em misturar, moer, picar, amassar e pur\u00ea, com velocidade e efici\u00eancia, dando consist\u00eancia e qualidade final aos produtos.<\/p>\n","protected":false},"featured_media":720,"template":"","meta":{"_et_pb_use_builder":"","_et_pb_old_content":"","_et_gb_content_width":""},"product_cat":[23,33],"product_tag":[],"aioseo_notices":[],"_links":{"self":[{"href":"https:\/\/rioday.com.br\/site\/wp-json\/wp\/v2\/product\/719"}],"collection":[{"href":"https:\/\/rioday.com.br\/site\/wp-json\/wp\/v2\/product"}],"about":[{"href":"https:\/\/rioday.com.br\/site\/wp-json\/wp\/v2\/types\/product"}],"wp:featuredmedia":[{"embeddable":true,"href":"https:\/\/rioday.com.br\/site\/wp-json\/wp\/v2\/media\/720"}],"wp:attachment":[{"href":"https:\/\/rioday.com.br\/site\/wp-json\/wp\/v2\/media?parent=719"}],"wp:term":[{"taxonomy":"product_cat","embeddable":true,"href":"https:\/\/rioday.com.br\/site\/wp-json\/wp\/v2\/product_cat?post=719"},{"taxonomy":"product_tag","embeddable":true,"href":"https:\/\/rioday.com.br\/site\/wp-json\/wp\/v2\/product_tag?post=719"}],"curies":[{"name":"wp","href":"https:\/\/api.w.org\/{rel}","templated":true}]}}