{"id":724,"date":"2019-06-09T11:17:35","date_gmt":"2019-06-09T14:17:35","guid":{"rendered":"https:\/\/rioday.com.br\/site\/?post_type=product&#038;p=724"},"modified":"2020-07-01T14:16:28","modified_gmt":"2020-07-01T17:16:28","slug":"mixer-robot-coupe-cmp-250-v-v","status":"publish","type":"product","link":"https:\/\/rioday.com.br\/site\/p\/mixer-robot-coupe-cmp-250-v-v\/","title":{"rendered":"Mixer Robot Coupe CMP 250 V.V."},"content":{"rendered":"<h2>Mixer Robot Coupe CMP 250 V.V.<\/h2>\n<ul>\n<li>Pot\u00eancia: 310W<\/li>\n<li>Voltagem: 230V\/50\/1<\/li>\n<li>Peso: 3.9Kg<\/li>\n<li>Velocidade Vari\u00e1vel: 2300 a 9600rpm<\/li>\n<li>Comprimento bra\u00e7o triturador: 250mm<\/li>\n<li>Comprimento total: 610mm &#8211; \u00d8 94mm<\/li>\n<li>Capacidade m\u00e1xima de recipiente: 15Lt.<\/li>\n<li>Especial restaura\u00e7\u00e3<\/li>\n<\/ul>\n","protected":false},"excerpt":{"rendered":"<p>Mixer Robot Coupe CMP 250 V.V. Pot\u00eancia: 310W Voltagem: 230V\/50\/1 Peso: 3.9Kg Velocidade Vari\u00e1vel: 2300 a 9600rpm Comprimento bra\u00e7o triturador: 250mm Comprimento total: 610mm &#8211; \u00d8 94mm Capacidade m\u00e1xima de recipiente: 15Lt. Especial restaura\u00e7\u00e3<\/p>\n","protected":false},"featured_media":725,"template":"","meta":{"_et_pb_use_builder":"","_et_pb_old_content":"","_et_gb_content_width":""},"product_cat":[23,33],"product_tag":[],"aioseo_notices":[],"_links":{"self":[{"href":"https:\/\/rioday.com.br\/site\/wp-json\/wp\/v2\/product\/724"}],"collection":[{"href":"https:\/\/rioday.com.br\/site\/wp-json\/wp\/v2\/product"}],"about":[{"href":"https:\/\/rioday.com.br\/site\/wp-json\/wp\/v2\/types\/product"}],"wp:featuredmedia":[{"embeddable":true,"href":"https:\/\/rioday.com.br\/site\/wp-json\/wp\/v2\/media\/725"}],"wp:attachment":[{"href":"https:\/\/rioday.com.br\/site\/wp-json\/wp\/v2\/media?parent=724"}],"wp:term":[{"taxonomy":"product_cat","embeddable":true,"href":"https:\/\/rioday.com.br\/site\/wp-json\/wp\/v2\/product_cat?post=724"},{"taxonomy":"product_tag","embeddable":true,"href":"https:\/\/rioday.com.br\/site\/wp-json\/wp\/v2\/product_tag?post=724"}],"curies":[{"name":"wp","href":"https:\/\/api.w.org\/{rel}","templated":true}]}}