{"id":726,"date":"2019-06-09T11:19:21","date_gmt":"2019-06-09T14:19:21","guid":{"rendered":"https:\/\/rioday.com.br\/site\/?post_type=product&#038;p=726"},"modified":"2020-07-01T14:16:19","modified_gmt":"2020-07-01T17:16:19","slug":"mixer-robot-coupe-mp-350-ultra","status":"publish","type":"product","link":"https:\/\/rioday.com.br\/site\/p\/mixer-robot-coupe-mp-350-ultra\/","title":{"rendered":"Mixer Robot Coupe MP 350 ULTRA"},"content":{"rendered":"<h2>Mixer Robot Coupe MP 350 ULTRA<\/h2>\n<ul>\n<li>Pot\u00eancia: 440 Watts<\/li>\n<li>Voltagem: Monof\u00e1sico 220V<\/li>\n<li>Velocidade 9.500 r.p.m<\/li>\n<li>Dimens\u00f5es: Comprimento do tubo: 350mm<\/li>\n<li>Comprimento total: 740mm &#8211; \u00d8 125mm<\/li>\n<li>Peso Bruto: 6.2 Kg<\/li>\n<\/ul>\n","protected":false},"excerpt":{"rendered":"<p>Mixer Robot Coupe MP 350 ULTRA Pot\u00eancia: 440 Watts Voltagem: Monof\u00e1sico 220V Velocidade 9.500 r.p.m Dimens\u00f5es: Comprimento do tubo: 350mm Comprimento total: 740mm &#8211; \u00d8 125mm Peso Bruto: 6.2 Kg<\/p>\n","protected":false},"featured_media":727,"template":"","meta":{"_et_pb_use_builder":"","_et_pb_old_content":"","_et_gb_content_width":""},"product_cat":[23,33],"product_tag":[],"aioseo_notices":[],"_links":{"self":[{"href":"https:\/\/rioday.com.br\/site\/wp-json\/wp\/v2\/product\/726"}],"collection":[{"href":"https:\/\/rioday.com.br\/site\/wp-json\/wp\/v2\/product"}],"about":[{"href":"https:\/\/rioday.com.br\/site\/wp-json\/wp\/v2\/types\/product"}],"wp:featuredmedia":[{"embeddable":true,"href":"https:\/\/rioday.com.br\/site\/wp-json\/wp\/v2\/media\/727"}],"wp:attachment":[{"href":"https:\/\/rioday.com.br\/site\/wp-json\/wp\/v2\/media?parent=726"}],"wp:term":[{"taxonomy":"product_cat","embeddable":true,"href":"https:\/\/rioday.com.br\/site\/wp-json\/wp\/v2\/product_cat?post=726"},{"taxonomy":"product_tag","embeddable":true,"href":"https:\/\/rioday.com.br\/site\/wp-json\/wp\/v2\/product_tag?post=726"}],"curies":[{"name":"wp","href":"https:\/\/api.w.org\/{rel}","templated":true}]}}