{"id":92,"date":"2019-05-20T19:13:36","date_gmt":"2019-05-20T22:13:36","guid":{"rendered":"https:\/\/rioday.com.br\/site\/?post_type=product&#038;p=92"},"modified":"2025-02-13T16:13:40","modified_gmt":"2025-02-13T19:13:40","slug":"lavadora-de-loucas-ecomax-603-hobart","status":"publish","type":"product","link":"https:\/\/rioday.com.br\/site\/p\/lavadora-de-loucas-ecomax-603-hobart\/","title":{"rendered":"Lavadora de Lou\u00e7as Ecomax 603 Hobart"},"content":{"rendered":"<h2>Lavadora de Lou\u00e7as Ecomax 603 Hobart<\/h2>\n<p>A Ecomax 603 foi projetada para atender as necessidades do consumidor mais exigente em termos de efici\u00eancia e ergonomia. Possui sistema de f\u00e1cil e leve manuseio para abrir o cap\u00f4, proporcionando menos esfor\u00e7o di\u00e1rio para o operador.<\/p>\n<p>Para evitar desperd\u00edcio de energia e vapor o cap\u00f4 \u00e9 totalmente fechado dos quatro lados, al\u00e9m de apresentar dispositivo de seguran\u00e7a que interrompe o ciclo caso a porta seja aberta durante a opera\u00e7\u00e3o.<\/p>\n<p>Maior altura \u00fatil da c\u00e2mara de lavagem da categoria: 440 mm.<\/p>\n<h2><strong>CONSTRU\u00c7\u00c3O:<\/strong><\/h2>\n<p>Estrutura, tanque, pain\u00e9is e cobertura constru\u00eddos em chapa de a\u00e7o inoxid\u00e1vel. Demais materiais utilizados oferecem resist\u00eancia \u00e0 a\u00e7\u00e3o corrosiva de detergentes e \u00e1cidos dos alimentos.<\/p>\n<h2>\u00a0<strong>BENEF\u00cdCIOS E DIFERENCIAIS<\/strong><\/h2>\n<ul>\n<li>Sistema fechado nos quatro lados para economia adicional de energia el\u00e9trica. Menos umidade no ambiente.<\/li>\n<li>Dispositivo de seguran\u00e7a que interrompe o ciclo caso o cap\u00f4 seja aberto durante a opera\u00e7\u00e3o.<\/li>\n<li>Enchimento e controle autom\u00e1tico do n\u00edvel de \u00e1gua do tanque de lavagem e do aquecedor de enx\u00e1gue.<\/li>\n<li>Cesto coletor dos res\u00edduos de lavagem em a\u00e7o inoxid\u00e1vel AISI 304.<\/li>\n<li>Bra\u00e7os de lavagem girat\u00f3rios, intercambi\u00e1veis, dotados de bicos especiais de relevo antientupimento, que proporcionam uma eficiente a\u00e7\u00e3o mec\u00e2nica,\u00a0\u00a0e bicos pulverizadores de alto rendimento.<\/li>\n<li>Conjunto da estrutura apoiado sobre p\u00e9s dotados de sapatas de nivelamento.<\/li>\n<li>Tanque de lavagem estampado com cantos arredondados para facilitar o escoamento da \u00e1gua e a limpeza interna.<\/li>\n<li>Sistema integrado com filtro coletor de res\u00edduos e protetor da bomba de lavagem.<\/li>\n<li>Aquecedor do enx\u00e1gue, incorporado para aquecimento da \u00e1gua de enx\u00e1gue, constru\u00eddo em a\u00e7o inoxid\u00e1vel, com resist\u00eancias do tipo imers\u00e3o, controladas eletronicamente.<\/li>\n<li>Sistema exclusivo de controle do volume e temperatura da \u00e1gua de enx\u00e1gue, otimizando o consumo de \u00e1gua, detergente e tenso ativo.<\/li>\n<li>Motobomba enx\u00e1gue incorporada.<\/li>\n<\/ul>\n<p>&nbsp;<\/p>\n<h2><strong>ACOMPANHAM A LAVADORA:<\/strong><\/h2>\n<ul>\n<li>01 gaveta lisa<\/li>\n<li>02 gavetas com pinos para pratos e bandejas &#8211; modelo P1700<\/li>\n<\/ul>\n","protected":false},"excerpt":{"rendered":"<p>A Ecomax 603 foi projetada para atender as necessidades do consumidor mais exigente em termos de efici\u00eancia e ergonomia. Possui sistema de f\u00e1cil e leve manuseio para abrir o cap\u00f4, proporcionando menos esfor\u00e7o di\u00e1rio para o operador.<\/p>\n","protected":false},"featured_media":93,"template":"","meta":{"_et_pb_use_builder":"","_et_pb_old_content":"","_et_gb_content_width":""},"product_cat":[198,21,34,189],"product_tag":[213],"aioseo_notices":[],"_links":{"self":[{"href":"https:\/\/rioday.com.br\/site\/wp-json\/wp\/v2\/product\/92"}],"collection":[{"href":"https:\/\/rioday.com.br\/site\/wp-json\/wp\/v2\/product"}],"about":[{"href":"https:\/\/rioday.com.br\/site\/wp-json\/wp\/v2\/types\/product"}],"wp:featuredmedia":[{"embeddable":true,"href":"https:\/\/rioday.com.br\/site\/wp-json\/wp\/v2\/media\/93"}],"wp:attachment":[{"href":"https:\/\/rioday.com.br\/site\/wp-json\/wp\/v2\/media?parent=92"}],"wp:term":[{"taxonomy":"product_cat","embeddable":true,"href":"https:\/\/rioday.com.br\/site\/wp-json\/wp\/v2\/product_cat?post=92"},{"taxonomy":"product_tag","embeddable":true,"href":"https:\/\/rioday.com.br\/site\/wp-json\/wp\/v2\/product_tag?post=92"}],"curies":[{"name":"wp","href":"https:\/\/api.w.org\/{rel}","templated":true}]}}